{"id":47,"date":"2023-11-20T22:58:46","date_gmt":"2023-11-20T22:58:46","guid":{"rendered":"https:\/\/wavewoman.world\/site\/?page_id=47"},"modified":"2024-04-18T16:25:15","modified_gmt":"2024-04-18T16:25:15","slug":"share-your-light","status":"publish","type":"page","link":"https:\/\/wavewoman.world\/site\/share-your-light\/","title":{"rendered":"Share Your Light"},"content":{"rendered":"\t\t<div data-elementor-type=\"wp-page\" data-elementor-id=\"47\" class=\"elementor elementor-47\" data-elementor-post-type=\"page\">\n\t\t\t\t<div class=\"elementor-element elementor-element-15be5a9 e-flex e-con-boxed e-con e-parent\" data-id=\"15be5a9\" data-element_type=\"container\" data-settings=\"{&quot;background_background&quot;:&quot;video&quot;,&quot;background_video_link&quot;:&quot;https:\\\/\\\/www.youtube.com\\\/watch?v=LAsgCEupUAE&quot;}\">\n\t\t\t\t\t<div class=\"e-con-inner\">\n\t\t<div class=\"elementor-background-video-container elementor-hidden-mobile\" aria-hidden=\"true\">\n\t\t\t\t\t\t\t<div class=\"elementor-background-video-embed\"><\/div>\n\t\t\t\t\t\t<\/div>\t\t\t<\/div>\n\t\t\t\t<\/div>\n\t\t<div class=\"elementor-element elementor-element-e4bb564 e-flex e-con-boxed e-con e-parent\" data-id=\"e4bb564\" data-element_type=\"container\" data-settings=\"{&quot;background_background&quot;:&quot;classic&quot;,&quot;shape_divider_bottom&quot;:&quot;mountains&quot;}\">\n\t\t\t\t\t<div class=\"e-con-inner\">\n\t\t\t\t<div class=\"elementor-shape elementor-shape-bottom\" aria-hidden=\"true\" data-negative=\"false\">\n\t\t\t<svg xmlns=\"http:\/\/www.w3.org\/2000\/svg\" viewBox=\"0 0 1000 100\" preserveAspectRatio=\"none\">\n\t<path class=\"elementor-shape-fill\" opacity=\"0.33\" d=\"M473,67.3c-203.9,88.3-263.1-34-320.3,0C66,119.1,0,59.7,0,59.7V0h1000v59.7 c0,0-62.1,26.1-94.9,29.3c-32.8,3.3-62.8-12.3-75.8-22.1C806,49.6,745.3,8.7,694.9,4.7S492.4,59,473,67.3z\"\/>\n\t<path class=\"elementor-shape-fill\" opacity=\"0.66\" d=\"M734,67.3c-45.5,0-77.2-23.2-129.1-39.1c-28.6-8.7-150.3-10.1-254,39.1 s-91.7-34.4-149.2,0C115.7,118.3,0,39.8,0,39.8V0h1000v36.5c0,0-28.2-18.5-92.1-18.5C810.2,18.1,775.7,67.3,734,67.3z\"\/>\n\t<path class=\"elementor-shape-fill\" d=\"M766.1,28.9c-200-57.5-266,65.5-395.1,19.5C242,1.8,242,5.4,184.8,20.6C128,35.8,132.3,44.9,89.9,52.5C28.6,63.7,0,0,0,0 h1000c0,0-9.9,40.9-83.6,48.1S829.6,47,766.1,28.9z\"\/>\n<\/svg>\t\t<\/div>\n\t\t\t\t<div class=\"elementor-element elementor-element-1961729b elementor-widget elementor-widget-heading\" data-id=\"1961729b\" data-element_type=\"widget\" data-widget_type=\"heading.default\">\n\t\t\t\t<div class=\"elementor-widget-container\">\n\t\t\t\t\t<h1 class=\"elementor-heading-title elementor-size-default\">Share Your Light<\/h1>\t\t\t\t<\/div>\n\t\t\t\t<\/div>\n\t\t\t\t\t<\/div>\n\t\t\t\t<\/div>\n\t\t<div class=\"elementor-element elementor-element-ca0a82e e-flex e-con-boxed e-con e-parent\" data-id=\"ca0a82e\" data-element_type=\"container\">\n\t\t\t\t\t<div class=\"e-con-inner\">\n\t\t<div class=\"elementor-element elementor-element-ff0bcc1 e-flex e-con-boxed e-con e-child\" data-id=\"ff0bcc1\" data-element_type=\"container\">\n\t\t\t\t\t<div class=\"e-con-inner\">\n\t\t<div class=\"elementor-element elementor-element-a328855 e-con-full e-flex e-con e-child\" data-id=\"a328855\" data-element_type=\"container\">\n\t\t\t\t<div class=\"elementor-element elementor-element-3081dcd elementor-widget elementor-widget-video\" data-id=\"3081dcd\" data-element_type=\"widget\" data-settings=\"{&quot;video_type&quot;:&quot;hosted&quot;,&quot;autoplay&quot;:&quot;yes&quot;,&quot;controls&quot;:&quot;yes&quot;}\" data-widget_type=\"video.default\">\n\t\t\t\t<div class=\"elementor-widget-container\">\n\t\t\t\t\t\t\t<div class=\"e-hosted-video elementor-wrapper elementor-open-inline\">\n\t\t\t\t\t<video class=\"elementor-video\" src=\"https:\/\/wavewoman.world\/site\/wp-content\/uploads\/2024\/04\/Video.mov\" autoplay=\"\" controls=\"\" controlsList=\"nodownload\"><\/video>\n\t\t\t\t<\/div>\n\t\t\t\t\t\t<\/div>\n\t\t\t\t<\/div>\n\t\t\t\t<\/div>\n\t\t<div class=\"elementor-element elementor-element-05c19ea e-con-full e-flex e-con e-child\" data-id=\"05c19ea\" data-element_type=\"container\">\n\t\t\t\t<div class=\"elementor-element elementor-element-74e15d4 elementor-widget elementor-widget-text-editor\" data-id=\"74e15d4\" data-element_type=\"widget\" data-widget_type=\"text-editor.default\">\n\t\t\t\t<div class=\"elementor-widget-container\">\n\t\t\t\t\t\t\t\t\t<p>Tati Nigro fundou o movimento &#8220;Compartilhe sua Luz&#8221; em maio de 2023, acreditando na import\u00e2ncia da uni\u00e3o entre mulheres. Ela demonstra na pr\u00e1tica que quando uma mulher ilumina a Luz de outra, n\u00e3o diminui sua pr\u00f3pria, mas sim a amplia, potencializa e multiplica a luz de todas!<\/p><p>Desde ent\u00e3o, centenas de mulheres vem sendo impactadas e impactando com relatos emocionantes das participantes, seja em eventos profissionais, pessoais ou sociais.<\/p><p>O Movimento, essencial e necess\u00e1rio para todas as mulheres independentemente de idade, cren\u00e7as, cor ou nacionalidade, teve in\u00edcio no Brasil e em breve alcan\u00e7ar\u00e1 outros continentes.<\/p>\t\t\t\t\t\t\t\t<\/div>\n\t\t\t\t<\/div>\n\t\t\t\t<\/div>\n\t\t\t\t\t<\/div>\n\t\t\t\t<\/div>\n\t\t\t\t\t<\/div>\n\t\t\t\t<\/div>\n\t\t<div class=\"elementor-element elementor-element-a8a6748 e-flex e-con-boxed e-con e-parent\" data-id=\"a8a6748\" data-element_type=\"container\" data-settings=\"{&quot;background_background&quot;:&quot;classic&quot;,&quot;shape_divider_top&quot;:&quot;mountains&quot;}\">\n\t\t\t\t\t<div class=\"e-con-inner\">\n\t\t\t\t<div class=\"elementor-shape elementor-shape-top\" aria-hidden=\"true\" data-negative=\"false\">\n\t\t\t<svg xmlns=\"http:\/\/www.w3.org\/2000\/svg\" viewBox=\"0 0 1000 100\" preserveAspectRatio=\"none\">\n\t<path class=\"elementor-shape-fill\" opacity=\"0.33\" d=\"M473,67.3c-203.9,88.3-263.1-34-320.3,0C66,119.1,0,59.7,0,59.7V0h1000v59.7 c0,0-62.1,26.1-94.9,29.3c-32.8,3.3-62.8-12.3-75.8-22.1C806,49.6,745.3,8.7,694.9,4.7S492.4,59,473,67.3z\"\/>\n\t<path class=\"elementor-shape-fill\" opacity=\"0.66\" d=\"M734,67.3c-45.5,0-77.2-23.2-129.1-39.1c-28.6-8.7-150.3-10.1-254,39.1 s-91.7-34.4-149.2,0C115.7,118.3,0,39.8,0,39.8V0h1000v36.5c0,0-28.2-18.5-92.1-18.5C810.2,18.1,775.7,67.3,734,67.3z\"\/>\n\t<path class=\"elementor-shape-fill\" d=\"M766.1,28.9c-200-57.5-266,65.5-395.1,19.5C242,1.8,242,5.4,184.8,20.6C128,35.8,132.3,44.9,89.9,52.5C28.6,63.7,0,0,0,0 h1000c0,0-9.9,40.9-83.6,48.1S829.6,47,766.1,28.9z\"\/>\n<\/svg>\t\t<\/div>\n\t\t<div class=\"elementor-element elementor-element-84929b2 e-flex e-con-boxed e-con e-child\" data-id=\"84929b2\" data-element_type=\"container\">\n\t\t\t\t\t<div class=\"e-con-inner\">\n\t\t<div class=\"elementor-element elementor-element-a123604 e-con-full e-flex e-con e-child\" data-id=\"a123604\" data-element_type=\"container\">\n\t\t\t\t<div class=\"elementor-element elementor-element-fd10025 elementor-widget elementor-widget-image\" data-id=\"fd10025\" data-element_type=\"widget\" data-widget_type=\"image.default\">\n\t\t\t\t<div class=\"elementor-widget-container\">\n\t\t\t\t\t\t\t\t\t\t\t\t\t\t\t<img fetchpriority=\"high\" decoding=\"async\" width=\"500\" height=\"750\" src=\"https:\/\/wavewoman.world\/site\/wp-content\/uploads\/2023\/12\/Design-sem-nome-10.jpg\" class=\"attachment-large size-large wp-image-1206\" alt=\"\" srcset=\"https:\/\/wavewoman.world\/site\/wp-content\/uploads\/2023\/12\/Design-sem-nome-10.jpg 500w, https:\/\/wavewoman.world\/site\/wp-content\/uploads\/2023\/12\/Design-sem-nome-10-200x300.jpg 200w\" sizes=\"(max-width: 500px) 100vw, 500px\" \/>\t\t\t\t\t\t\t\t\t\t\t\t\t\t\t<\/div>\n\t\t\t\t<\/div>\n\t\t\t\t<\/div>\n\t\t<div class=\"elementor-element elementor-element-5d92cdf e-con-full e-flex e-con e-child\" data-id=\"5d92cdf\" data-element_type=\"container\">\n\t\t\t\t<div class=\"elementor-element elementor-element-08791fc elementor-widget elementor-widget-image\" data-id=\"08791fc\" data-element_type=\"widget\" data-widget_type=\"image.default\">\n\t\t\t\t<div class=\"elementor-widget-container\">\n\t\t\t\t\t\t\t\t\t\t\t\t\t\t\t<img decoding=\"async\" width=\"500\" height=\"750\" src=\"https:\/\/wavewoman.world\/site\/wp-content\/uploads\/2023\/12\/Design-sem-nome-11.jpg\" class=\"attachment-large size-large wp-image-1207\" alt=\"\" srcset=\"https:\/\/wavewoman.world\/site\/wp-content\/uploads\/2023\/12\/Design-sem-nome-11.jpg 500w, https:\/\/wavewoman.world\/site\/wp-content\/uploads\/2023\/12\/Design-sem-nome-11-200x300.jpg 200w\" sizes=\"(max-width: 500px) 100vw, 500px\" \/>\t\t\t\t\t\t\t\t\t\t\t\t\t\t\t<\/div>\n\t\t\t\t<\/div>\n\t\t\t\t<\/div>\n\t\t<div class=\"elementor-element elementor-element-7fcbf10 e-con-full e-flex e-con e-child\" data-id=\"7fcbf10\" data-element_type=\"container\">\n\t\t\t\t<div class=\"elementor-element elementor-element-36831a7 elementor-widget elementor-widget-image\" data-id=\"36831a7\" data-element_type=\"widget\" data-widget_type=\"image.default\">\n\t\t\t\t<div class=\"elementor-widget-container\">\n\t\t\t\t\t\t\t\t\t\t\t\t\t\t\t<img decoding=\"async\" width=\"500\" height=\"750\" src=\"https:\/\/wavewoman.world\/site\/wp-content\/uploads\/2023\/12\/Design-sem-nome-12.jpg\" class=\"attachment-large size-large wp-image-1208\" alt=\"\" srcset=\"https:\/\/wavewoman.world\/site\/wp-content\/uploads\/2023\/12\/Design-sem-nome-12.jpg 500w, https:\/\/wavewoman.world\/site\/wp-content\/uploads\/2023\/12\/Design-sem-nome-12-200x300.jpg 200w\" sizes=\"(max-width: 500px) 100vw, 500px\" \/>\t\t\t\t\t\t\t\t\t\t\t\t\t\t\t<\/div>\n\t\t\t\t<\/div>\n\t\t\t\t<\/div>\n\t\t<div class=\"elementor-element elementor-element-db1281f e-con-full e-flex e-con e-child\" data-id=\"db1281f\" data-element_type=\"container\">\n\t\t\t\t<div class=\"elementor-element elementor-element-5d5476a elementor-widget elementor-widget-image\" data-id=\"5d5476a\" data-element_type=\"widget\" data-widget_type=\"image.default\">\n\t\t\t\t<div class=\"elementor-widget-container\">\n\t\t\t\t\t\t\t\t\t\t\t\t\t\t\t<img loading=\"lazy\" decoding=\"async\" width=\"700\" height=\"500\" src=\"https:\/\/wavewoman.world\/site\/wp-content\/uploads\/2023\/12\/Design-sem-nome-13.jpg\" class=\"attachment-large size-large wp-image-1209\" alt=\"\" srcset=\"https:\/\/wavewoman.world\/site\/wp-content\/uploads\/2023\/12\/Design-sem-nome-13.jpg 700w, https:\/\/wavewoman.world\/site\/wp-content\/uploads\/2023\/12\/Design-sem-nome-13-300x214.jpg 300w, https:\/\/wavewoman.world\/site\/wp-content\/uploads\/2023\/12\/Design-sem-nome-13-600x429.jpg 600w\" sizes=\"(max-width: 700px) 100vw, 700px\" \/>\t\t\t\t\t\t\t\t\t\t\t\t\t\t\t<\/div>\n\t\t\t\t<\/div>\n\t\t\t\t<\/div>\n\t\t\t\t\t<\/div>\n\t\t\t\t<\/div>\n\t\t\t\t<div class=\"elementor-element elementor-element-ac1a5ea elementor-widget elementor-widget-testimonial\" data-id=\"ac1a5ea\" data-element_type=\"widget\" data-widget_type=\"testimonial.default\">\n\t\t\t\t<div class=\"elementor-widget-container\">\n\t\t\t\t\t\t\t<div class=\"elementor-testimonial-wrapper\">\n\t\t\t\t\t\t\t<div class=\"elementor-testimonial-content\">\u201cSEJA A LUZ QUE VOC\u00ca QUER VER ILUMINANDO O MUNDO\u201d <\/div>\n\t\t\t\n\t\t\t\t\t\t<div class=\"elementor-testimonial-meta\">\n\t\t\t\t<div class=\"elementor-testimonial-meta-inner\">\n\t\t\t\t\t\n\t\t\t\t\t\t\t\t\t\t<div class=\"elementor-testimonial-details\">\n\t\t\t\t\t\t\t\t\t\t\t\t\t\t<div class=\"elementor-testimonial-name\">Tati Nigro<\/div>\n\t\t\t\t\t\t\t\t\t\t\t\t\t\t\t\t\t\t\t<\/div>\n\t\t\t\t\t\t\t\t\t<\/div>\n\t\t\t<\/div>\n\t\t\t\t\t<\/div>\n\t\t\t\t\t\t<\/div>\n\t\t\t\t<\/div>\n\t\t\t\t\t<\/div>\n\t\t\t\t<\/div>\n\t\t\t\t<\/div>\n\t\t","protected":false},"excerpt":{"rendered":"<p>Share Your Light https:\/\/wavewoman.world\/site\/wp-content\/uploads\/2024\/04\/Video.mov Tati Nigro fundou o movimento &#8220;Compartilhe sua Luz&#8221; em maio de 2023, acreditando na import\u00e2ncia da uni\u00e3o entre mulheres. Ela demonstra na pr\u00e1tica que quando uma mulher ilumina a Luz de outra, n\u00e3o diminui sua pr\u00f3pria, mas sim a amplia, potencializa e multiplica a luz de todas! Desde ent\u00e3o, centenas de [&hellip;]<\/p>\n","protected":false},"author":1,"featured_media":0,"parent":0,"menu_order":0,"comment_status":"closed","ping_status":"closed","template":"","meta":{"pmpro_default_level":"","footnotes":""},"class_list":["post-47","page","type-page","status-publish","hentry","pmpro-has-access"],"_links":{"self":[{"href":"https:\/\/wavewoman.world\/site\/wp-json\/wp\/v2\/pages\/47","targetHints":{"allow":["GET"]}}],"collection":[{"href":"https:\/\/wavewoman.world\/site\/wp-json\/wp\/v2\/pages"}],"about":[{"href":"https:\/\/wavewoman.world\/site\/wp-json\/wp\/v2\/types\/page"}],"author":[{"embeddable":true,"href":"https:\/\/wavewoman.world\/site\/wp-json\/wp\/v2\/users\/1"}],"replies":[{"embeddable":true,"href":"https:\/\/wavewoman.world\/site\/wp-json\/wp\/v2\/comments?post=47"}],"version-history":[{"count":52,"href":"https:\/\/wavewoman.world\/site\/wp-json\/wp\/v2\/pages\/47\/revisions"}],"predecessor-version":[{"id":1514,"href":"https:\/\/wavewoman.world\/site\/wp-json\/wp\/v2\/pages\/47\/revisions\/1514"}],"wp:attachment":[{"href":"https:\/\/wavewoman.world\/site\/wp-json\/wp\/v2\/media?parent=47"}],"curies":[{"name":"wp","href":"https:\/\/api.w.org\/{rel}","templated":true}]}}