{"id":45,"date":"2023-11-20T22:58:34","date_gmt":"2023-11-20T22:58:34","guid":{"rendered":"https:\/\/wavewoman.world\/site\/?page_id=45"},"modified":"2023-11-24T14:01:24","modified_gmt":"2023-11-24T14:01:24","slug":"missao-visao-valores","status":"publish","type":"page","link":"https:\/\/wavewoman.world\/site\/missao-visao-valores\/","title":{"rendered":"Miss\u00e3o Vis\u00e3o Valores"},"content":{"rendered":"\t\t<div data-elementor-type=\"wp-page\" data-elementor-id=\"45\" class=\"elementor elementor-45\" data-elementor-post-type=\"page\">\n\t\t\t\t<div class=\"elementor-element elementor-element-18bf67ec e-flex e-con-boxed e-con e-parent\" data-id=\"18bf67ec\" data-element_type=\"container\" data-settings=\"{&quot;background_background&quot;:&quot;classic&quot;,&quot;shape_divider_bottom&quot;:&quot;mountains&quot;}\">\n\t\t\t\t\t<div class=\"e-con-inner\">\n\t\t\t\t<div class=\"elementor-shape elementor-shape-bottom\" aria-hidden=\"true\" data-negative=\"false\">\n\t\t\t<svg xmlns=\"http:\/\/www.w3.org\/2000\/svg\" viewBox=\"0 0 1000 100\" preserveAspectRatio=\"none\">\n\t<path class=\"elementor-shape-fill\" opacity=\"0.33\" d=\"M473,67.3c-203.9,88.3-263.1-34-320.3,0C66,119.1,0,59.7,0,59.7V0h1000v59.7 c0,0-62.1,26.1-94.9,29.3c-32.8,3.3-62.8-12.3-75.8-22.1C806,49.6,745.3,8.7,694.9,4.7S492.4,59,473,67.3z\"\/>\n\t<path class=\"elementor-shape-fill\" opacity=\"0.66\" d=\"M734,67.3c-45.5,0-77.2-23.2-129.1-39.1c-28.6-8.7-150.3-10.1-254,39.1 s-91.7-34.4-149.2,0C115.7,118.3,0,39.8,0,39.8V0h1000v36.5c0,0-28.2-18.5-92.1-18.5C810.2,18.1,775.7,67.3,734,67.3z\"\/>\n\t<path class=\"elementor-shape-fill\" d=\"M766.1,28.9c-200-57.5-266,65.5-395.1,19.5C242,1.8,242,5.4,184.8,20.6C128,35.8,132.3,44.9,89.9,52.5C28.6,63.7,0,0,0,0 h1000c0,0-9.9,40.9-83.6,48.1S829.6,47,766.1,28.9z\"\/>\n<\/svg>\t\t<\/div>\n\t\t\t\t<div class=\"elementor-element elementor-element-2b03b291 elementor-widget elementor-widget-heading\" data-id=\"2b03b291\" data-element_type=\"widget\" data-widget_type=\"heading.default\">\n\t\t\t\t<div class=\"elementor-widget-container\">\n\t\t\t\t\t<h1 class=\"elementor-heading-title elementor-size-default\">Wav&amp; Woman World<\/h1>\t\t\t\t<\/div>\n\t\t\t\t<\/div>\n\t\t\t\t\t<\/div>\n\t\t\t\t<\/div>\n\t\t<div class=\"elementor-element elementor-element-102f36c2 e-flex e-con-boxed e-con e-parent\" data-id=\"102f36c2\" data-element_type=\"container\">\n\t\t\t\t\t<div class=\"e-con-inner\">\n\t\t<div class=\"elementor-element elementor-element-55b3c644 e-con-full e-flex e-con e-child\" data-id=\"55b3c644\" data-element_type=\"container\">\n\t\t\t\t<div class=\"elementor-element elementor-element-5eb17263 elementor-widget elementor-widget-heading\" data-id=\"5eb17263\" data-element_type=\"widget\" data-widget_type=\"heading.default\">\n\t\t\t\t<div class=\"elementor-widget-container\">\n\t\t\t\t\t<h2 class=\"elementor-heading-title elementor-size-default\">A Miss\u00e3o<\/h2>\t\t\t\t<\/div>\n\t\t\t\t<\/div>\n\t\t\t\t<div class=\"elementor-element elementor-element-3404c6f6 elementor-widget elementor-widget-text-editor\" data-id=\"3404c6f6\" data-element_type=\"widget\" data-widget_type=\"text-editor.default\">\n\t\t\t\t<div class=\"elementor-widget-container\">\n\t\t\t\t\t\t\t\t\t<p>Fomentar indiv\u00edduos atrav\u00e9s da educa\u00e7\u00e3o para sermos uma na\u00e7\u00e3o mais pr\u00f3spera, mais digna, mais forte e confiante, preparada para competir em um mundo cada vez complexo e globalizado.<\/p><p>Promover uma grande revolu\u00e7\u00e3o dentro do despertar da nossa consci\u00eancia individual e coletiva para que transforma\u00e7\u00f5es efetivas, urgentes e necess\u00e1rias de fato aconte\u00e7am.<\/p><p>Atrav\u00e9s do autoconhecimento, que mulheres se tornem protagonistas de suas vidas, impactando positivamente seu ambiente familiar, profissional e social. Inspirando amigas, irm\u00e3s, colegas, parentes e futuras gera\u00e7\u00f5es de filha\/os, sobrinha\/os, neta\/os e colaboradores.<\/p>\t\t\t\t\t\t\t\t<\/div>\n\t\t\t\t<\/div>\n\t\t\t\t<\/div>\n\t\t<div class=\"elementor-element elementor-element-735ebeca e-con-full e-flex e-con e-child\" data-id=\"735ebeca\" data-element_type=\"container\">\n\t\t\t\t<\/div>\n\t\t<div class=\"elementor-element elementor-element-21c9909 e-con-full e-flex e-con e-child\" data-id=\"21c9909\" data-element_type=\"container\">\n\t\t<div class=\"elementor-element elementor-element-4b2b8c06 e-flex e-con-boxed e-con e-child\" data-id=\"4b2b8c06\" data-element_type=\"container\">\n\t\t\t\t\t<div class=\"e-con-inner\">\n\t\t\t\t<div class=\"elementor-element elementor-element-424198c8 elementor-widget elementor-widget-heading\" data-id=\"424198c8\" data-element_type=\"widget\" data-widget_type=\"heading.default\">\n\t\t\t\t<div class=\"elementor-widget-container\">\n\t\t\t\t\t<h2 class=\"elementor-heading-title elementor-size-default\">Proposta de Valor<\/h2>\t\t\t\t<\/div>\n\t\t\t\t<\/div>\n\t\t\t\t<div class=\"elementor-element elementor-element-2919351b elementor-widget elementor-widget-text-editor\" data-id=\"2919351b\" data-element_type=\"widget\" data-widget_type=\"text-editor.default\">\n\t\t\t\t<div class=\"elementor-widget-container\">\n\t\t\t\t\t\t\t\t\t<p>Na era da intelig\u00eancia artificial, sendo uma realidade presente em nossas vidas, a \u00fanica arma que temos para somar \u00e0 ela \u00e9 o nosso fator emocional e humano.<\/p><p>As empresas que se humanizarem, promovendo e potencializando o capital humano e suas conex\u00f5es, estar\u00e1 mais propensa a continuar existindo no mercado do \u201cjogo infinito\u201d.<\/p><p>O maior desafio de qualquer empresa, de qualquer tamanho, \u00e9 continuar existindo, sendo relevante, competitivo, produtivo e acima de tudo, lucrativo.<\/p><p>E para isso, a WAV&amp; sabe como colaborar.<\/p>\t\t\t\t\t\t\t\t<\/div>\n\t\t\t\t<\/div>\n\t\t\t\t\t<\/div>\n\t\t\t\t<\/div>\n\t\t\t\t<\/div>\n\t\t\t\t\t<\/div>\n\t\t\t\t<\/div>\n\t\t<div class=\"elementor-element elementor-element-118f2bba e-flex e-con-boxed e-con e-parent\" data-id=\"118f2bba\" data-element_type=\"container\" data-settings=\"{&quot;background_background&quot;:&quot;classic&quot;}\">\n\t\t\t\t\t<div class=\"e-con-inner\">\n\t\t<div class=\"elementor-element elementor-element-1f4640db e-con-full e-flex e-con e-child\" data-id=\"1f4640db\" data-element_type=\"container\">\n\t\t\t\t<div class=\"elementor-element elementor-element-15afc270 elementor-widget elementor-widget-heading\" data-id=\"15afc270\" data-element_type=\"widget\" data-widget_type=\"heading.default\">\n\t\t\t\t<div class=\"elementor-widget-container\">\n\t\t\t\t\t<h2 class=\"elementor-heading-title elementor-size-default\">E.<\/h2>\t\t\t\t<\/div>\n\t\t\t\t<\/div>\n\t\t\t\t<div class=\"elementor-element elementor-element-7afe458e elementor-widget elementor-widget-heading\" data-id=\"7afe458e\" data-element_type=\"widget\" data-widget_type=\"heading.default\">\n\t\t\t\t<div class=\"elementor-widget-container\">\n\t\t\t\t\t<h2 class=\"elementor-heading-title elementor-size-default\">ENVIRONMENT<\/h2>\t\t\t\t<\/div>\n\t\t\t\t<\/div>\n\t\t\t\t<div class=\"elementor-element elementor-element-5dd5caff elementor-widget elementor-widget-text-editor\" data-id=\"5dd5caff\" data-element_type=\"widget\" data-widget_type=\"text-editor.default\">\n\t\t\t\t<div class=\"elementor-widget-container\">\n\t\t\t\t\t\t\t\t\t<p>ECONOMIA CIRCULAR<br \/>SUSTENTABILIDADE<br \/>INCENTIVO AO SECOND-HAND BUSINESSMODEL<br \/>ORIENTA\u00c7\u00c3O E PRATICAS INDIVIDUAIS<\/p>\t\t\t\t\t\t\t\t<\/div>\n\t\t\t\t<\/div>\n\t\t\t\t<\/div>\n\t\t<div class=\"elementor-element elementor-element-1c6fc99e e-con-full e-flex e-con e-child\" data-id=\"1c6fc99e\" data-element_type=\"container\">\n\t\t\t\t<div class=\"elementor-element elementor-element-2a3f47a4 elementor-widget elementor-widget-heading\" data-id=\"2a3f47a4\" data-element_type=\"widget\" data-widget_type=\"heading.default\">\n\t\t\t\t<div class=\"elementor-widget-container\">\n\t\t\t\t\t<h2 class=\"elementor-heading-title elementor-size-default\">S.<\/h2>\t\t\t\t<\/div>\n\t\t\t\t<\/div>\n\t\t\t\t<div class=\"elementor-element elementor-element-54c0ed84 elementor-widget elementor-widget-heading\" data-id=\"54c0ed84\" data-element_type=\"widget\" data-widget_type=\"heading.default\">\n\t\t\t\t<div class=\"elementor-widget-container\">\n\t\t\t\t\t<h2 class=\"elementor-heading-title elementor-size-default\">SOCIAL<\/h2>\t\t\t\t<\/div>\n\t\t\t\t<\/div>\n\t\t\t\t<div class=\"elementor-element elementor-element-41091e09 elementor-widget elementor-widget-text-editor\" data-id=\"41091e09\" data-element_type=\"widget\" data-widget_type=\"text-editor.default\">\n\t\t\t\t<div class=\"elementor-widget-container\">\n\t\t\t\t\t\t\t\t\t<p>APOIO AO TERCEIRO SETOR<br \/>EQUIDADE<br \/>DIVERSIDADE<\/p>\t\t\t\t\t\t\t\t<\/div>\n\t\t\t\t<\/div>\n\t\t\t\t<\/div>\n\t\t<div class=\"elementor-element elementor-element-55e0b705 e-con-full e-flex e-con e-child\" data-id=\"55e0b705\" data-element_type=\"container\">\n\t\t\t\t<div class=\"elementor-element elementor-element-7ae0ff22 elementor-widget elementor-widget-heading\" data-id=\"7ae0ff22\" data-element_type=\"widget\" data-widget_type=\"heading.default\">\n\t\t\t\t<div class=\"elementor-widget-container\">\n\t\t\t\t\t<h2 class=\"elementor-heading-title elementor-size-default\">G.<\/h2>\t\t\t\t<\/div>\n\t\t\t\t<\/div>\n\t\t\t\t<div class=\"elementor-element elementor-element-513cc4f0 elementor-widget elementor-widget-heading\" data-id=\"513cc4f0\" data-element_type=\"widget\" data-widget_type=\"heading.default\">\n\t\t\t\t<div class=\"elementor-widget-container\">\n\t\t\t\t\t<h2 class=\"elementor-heading-title elementor-size-default\">GOVERNANCE<\/h2>\t\t\t\t<\/div>\n\t\t\t\t<\/div>\n\t\t\t\t<div class=\"elementor-element elementor-element-7720e073 elementor-widget elementor-widget-text-editor\" data-id=\"7720e073\" data-element_type=\"widget\" data-widget_type=\"text-editor.default\">\n\t\t\t\t<div class=\"elementor-widget-container\">\n\t\t\t\t\t\t\t\t\t<p>INFORMAR, EDUCAR, POTENCIALIZAR O CAPITALHUMANO DENTRO DASORGANIZA\u00c7\u00d5ES E PREPARAR OSGESTORES PARA AS NOVASPOL\u00cdTICAS ALINHADAS COM AAGENDA 2030 (ODS)<\/p>\t\t\t\t\t\t\t\t<\/div>\n\t\t\t\t<\/div>\n\t\t\t\t<\/div>\n\t\t\t\t\t<\/div>\n\t\t\t\t<\/div>\n\t\t\t\t<\/div>\n\t\t","protected":false},"excerpt":{"rendered":"<p>Wav&amp; Woman World A Miss\u00e3o Fomentar indiv\u00edduos atrav\u00e9s da educa\u00e7\u00e3o para sermos uma na\u00e7\u00e3o mais pr\u00f3spera, mais digna, mais forte e confiante, preparada para competir em um mundo cada vez complexo e globalizado. Promover uma grande revolu\u00e7\u00e3o dentro do despertar da nossa consci\u00eancia individual e coletiva para que transforma\u00e7\u00f5es efetivas, urgentes e necess\u00e1rias de fato [&hellip;]<\/p>\n","protected":false},"author":1,"featured_media":0,"parent":0,"menu_order":0,"comment_status":"closed","ping_status":"closed","template":"","meta":{"pmpro_default_level":"","footnotes":""},"class_list":["post-45","page","type-page","status-publish","hentry","pmpro-has-access"],"_links":{"self":[{"href":"https:\/\/wavewoman.world\/site\/wp-json\/wp\/v2\/pages\/45","targetHints":{"allow":["GET"]}}],"collection":[{"href":"https:\/\/wavewoman.world\/site\/wp-json\/wp\/v2\/pages"}],"about":[{"href":"https:\/\/wavewoman.world\/site\/wp-json\/wp\/v2\/types\/page"}],"author":[{"embeddable":true,"href":"https:\/\/wavewoman.world\/site\/wp-json\/wp\/v2\/users\/1"}],"replies":[{"embeddable":true,"href":"https:\/\/wavewoman.world\/site\/wp-json\/wp\/v2\/comments?post=45"}],"version-history":[{"count":13,"href":"https:\/\/wavewoman.world\/site\/wp-json\/wp\/v2\/pages\/45\/revisions"}],"predecessor-version":[{"id":762,"href":"https:\/\/wavewoman.world\/site\/wp-json\/wp\/v2\/pages\/45\/revisions\/762"}],"wp:attachment":[{"href":"https:\/\/wavewoman.world\/site\/wp-json\/wp\/v2\/media?parent=45"}],"curies":[{"name":"wp","href":"https:\/\/api.w.org\/{rel}","templated":true}]}}