{"id":37,"date":"2023-11-20T22:57:52","date_gmt":"2023-11-20T22:57:52","guid":{"rendered":"https:\/\/wavewoman.world\/site\/?page_id=37"},"modified":"2023-11-24T13:51:21","modified_gmt":"2023-11-24T13:51:21","slug":"tati-nigro-founder","status":"publish","type":"page","link":"https:\/\/wavewoman.world\/site\/tati-nigro-founder\/","title":{"rendered":"Tati Nigro \u2013 Founder"},"content":{"rendered":"\t\t<div data-elementor-type=\"wp-page\" data-elementor-id=\"37\" class=\"elementor elementor-37\" data-elementor-post-type=\"page\">\n\t\t\t\t<div class=\"elementor-element elementor-element-3d5a4ffa elementor-hidden-mobile e-flex e-con-boxed e-con e-parent\" data-id=\"3d5a4ffa\" data-element_type=\"container\" data-settings=\"{&quot;background_background&quot;:&quot;classic&quot;,&quot;shape_divider_bottom&quot;:&quot;mountains&quot;}\">\n\t\t\t\t\t<div class=\"e-con-inner\">\n\t\t\t\t<div class=\"elementor-shape elementor-shape-bottom\" aria-hidden=\"true\" data-negative=\"false\">\n\t\t\t<svg xmlns=\"http:\/\/www.w3.org\/2000\/svg\" viewBox=\"0 0 1000 100\" preserveAspectRatio=\"none\">\n\t<path class=\"elementor-shape-fill\" opacity=\"0.33\" d=\"M473,67.3c-203.9,88.3-263.1-34-320.3,0C66,119.1,0,59.7,0,59.7V0h1000v59.7 c0,0-62.1,26.1-94.9,29.3c-32.8,3.3-62.8-12.3-75.8-22.1C806,49.6,745.3,8.7,694.9,4.7S492.4,59,473,67.3z\"\/>\n\t<path class=\"elementor-shape-fill\" opacity=\"0.66\" d=\"M734,67.3c-45.5,0-77.2-23.2-129.1-39.1c-28.6-8.7-150.3-10.1-254,39.1 s-91.7-34.4-149.2,0C115.7,118.3,0,39.8,0,39.8V0h1000v36.5c0,0-28.2-18.5-92.1-18.5C810.2,18.1,775.7,67.3,734,67.3z\"\/>\n\t<path class=\"elementor-shape-fill\" d=\"M766.1,28.9c-200-57.5-266,65.5-395.1,19.5C242,1.8,242,5.4,184.8,20.6C128,35.8,132.3,44.9,89.9,52.5C28.6,63.7,0,0,0,0 h1000c0,0-9.9,40.9-83.6,48.1S829.6,47,766.1,28.9z\"\/>\n<\/svg>\t\t<\/div>\n\t\t<div class=\"elementor-element elementor-element-34bfbaa e-flex e-con-boxed e-con e-child\" data-id=\"34bfbaa\" data-element_type=\"container\">\n\t\t\t\t\t<div class=\"e-con-inner\">\n\t\t\t\t<div class=\"elementor-element elementor-element-df0deba elementor-widget elementor-widget-text-editor\" data-id=\"df0deba\" data-element_type=\"widget\" data-widget_type=\"text-editor.default\">\n\t\t\t\t<div class=\"elementor-widget-container\">\n\t\t\t\t\t\t\t\t\t<p>Luxury Management<\/p><p>Future Now<\/p><p>Cool Hunting specialist<\/p>\t\t\t\t\t\t\t\t<\/div>\n\t\t\t\t<\/div>\n\t\t\t\t<div class=\"elementor-element elementor-element-0519733 elementor-widget elementor-widget-image\" data-id=\"0519733\" data-element_type=\"widget\" data-widget_type=\"image.default\">\n\t\t\t\t<div class=\"elementor-widget-container\">\n\t\t\t\t\t\t\t\t\t\t\t\t\t\t\t<img decoding=\"async\" width=\"195\" height=\"192\" src=\"https:\/\/wavewoman.world\/site\/wp-content\/uploads\/2023\/11\/Universidade-Monaco.png\" class=\"attachment-large size-large wp-image-698\" alt=\"\" \/>\t\t\t\t\t\t\t\t\t\t\t\t\t\t\t<\/div>\n\t\t\t\t<\/div>\n\t\t\t\t\t<\/div>\n\t\t\t\t<\/div>\n\t\t<div class=\"elementor-element elementor-element-02dd161 e-con-full e-flex e-con e-child\" data-id=\"02dd161\" data-element_type=\"container\">\n\t\t\t\t<\/div>\n\t\t<div class=\"elementor-element elementor-element-e89da02 e-con-full e-flex e-con e-child\" data-id=\"e89da02\" data-element_type=\"container\">\n\t\t\t\t<div class=\"elementor-element elementor-element-c12e2aa elementor-widget elementor-widget-text-editor\" data-id=\"c12e2aa\" data-element_type=\"widget\" data-widget_type=\"text-editor.default\">\n\t\t\t\t<div class=\"elementor-widget-container\">\n\t\t\t\t\t\t\t\t\t<p>Leadeship<\/p><p>Interpersonal skills<\/p><p>Problem Solving<\/p><p>Ethic work<\/p><p>Teamwork<\/p><p>Good communication<\/p>\t\t\t\t\t\t\t\t<\/div>\n\t\t\t\t<\/div>\n\t\t\t\t<\/div>\n\t\t\t\t\t<\/div>\n\t\t\t\t<\/div>\n\t\t<div class=\"elementor-element elementor-element-d5c875a elementor-hidden-desktop elementor-hidden-tablet e-flex e-con-boxed e-con e-parent\" data-id=\"d5c875a\" data-element_type=\"container\" data-settings=\"{&quot;background_background&quot;:&quot;classic&quot;,&quot;shape_divider_bottom&quot;:&quot;mountains&quot;}\">\n\t\t\t\t\t<div class=\"e-con-inner\">\n\t\t\t\t<div class=\"elementor-shape elementor-shape-bottom\" aria-hidden=\"true\" data-negative=\"false\">\n\t\t\t<svg xmlns=\"http:\/\/www.w3.org\/2000\/svg\" viewBox=\"0 0 1000 100\" preserveAspectRatio=\"none\">\n\t<path class=\"elementor-shape-fill\" opacity=\"0.33\" d=\"M473,67.3c-203.9,88.3-263.1-34-320.3,0C66,119.1,0,59.7,0,59.7V0h1000v59.7 c0,0-62.1,26.1-94.9,29.3c-32.8,3.3-62.8-12.3-75.8-22.1C806,49.6,745.3,8.7,694.9,4.7S492.4,59,473,67.3z\"\/>\n\t<path class=\"elementor-shape-fill\" opacity=\"0.66\" d=\"M734,67.3c-45.5,0-77.2-23.2-129.1-39.1c-28.6-8.7-150.3-10.1-254,39.1 s-91.7-34.4-149.2,0C115.7,118.3,0,39.8,0,39.8V0h1000v36.5c0,0-28.2-18.5-92.1-18.5C810.2,18.1,775.7,67.3,734,67.3z\"\/>\n\t<path class=\"elementor-shape-fill\" d=\"M766.1,28.9c-200-57.5-266,65.5-395.1,19.5C242,1.8,242,5.4,184.8,20.6C128,35.8,132.3,44.9,89.9,52.5C28.6,63.7,0,0,0,0 h1000c0,0-9.9,40.9-83.6,48.1S829.6,47,766.1,28.9z\"\/>\n<\/svg>\t\t<\/div>\n\t\t\t\t<div class=\"elementor-element elementor-element-0508371 elementor-widget elementor-widget-text-editor\" data-id=\"0508371\" data-element_type=\"widget\" data-widget_type=\"text-editor.default\">\n\t\t\t\t<div class=\"elementor-widget-container\">\n\t\t\t\t\t\t\t\t\t<p>Luxury Management<\/p><p>Future Now<\/p><p>Cool Hunting specialist<\/p><p>Leadeship<\/p><p>Interpersonal skills<\/p><p>Problem Solving<\/p><p>Ethic work<\/p><p>Teamwork<\/p><p>Good communication<\/p>\t\t\t\t\t\t\t\t<\/div>\n\t\t\t\t<\/div>\n\t\t\t\t<div class=\"elementor-element elementor-element-da5a00e elementor-widget elementor-widget-image\" data-id=\"da5a00e\" data-element_type=\"widget\" data-widget_type=\"image.default\">\n\t\t\t\t<div class=\"elementor-widget-container\">\n\t\t\t\t\t\t\t\t\t\t\t\t\t\t\t<img decoding=\"async\" width=\"195\" height=\"192\" src=\"https:\/\/wavewoman.world\/site\/wp-content\/uploads\/2023\/11\/Universidade-Monaco.png\" class=\"attachment-large size-large wp-image-698\" alt=\"\" \/>\t\t\t\t\t\t\t\t\t\t\t\t\t\t\t<\/div>\n\t\t\t\t<\/div>\n\t\t\t\t\t<\/div>\n\t\t\t\t<\/div>\n\t\t<div class=\"elementor-element elementor-element-30d5f9ba e-flex e-con-boxed e-con e-parent\" data-id=\"30d5f9ba\" data-element_type=\"container\">\n\t\t\t\t\t<div class=\"e-con-inner\">\n\t\t<div class=\"elementor-element elementor-element-25dedf86 e-con-full e-flex e-con e-child\" data-id=\"25dedf86\" data-element_type=\"container\">\n\t\t\t\t<div class=\"elementor-element elementor-element-744fe7df elementor-widget elementor-widget-image\" data-id=\"744fe7df\" data-element_type=\"widget\" data-widget_type=\"image.default\">\n\t\t\t\t<div class=\"elementor-widget-container\">\n\t\t\t\t\t\t\t\t\t\t\t\t\t\t\t<img fetchpriority=\"high\" decoding=\"async\" width=\"698\" height=\"1012\" src=\"https:\/\/wavewoman.world\/site\/wp-content\/uploads\/2023\/11\/Tati-Nigro2-copiar.webp\" class=\"attachment-large size-large wp-image-168\" alt=\"\" srcset=\"https:\/\/wavewoman.world\/site\/wp-content\/uploads\/2023\/11\/Tati-Nigro2-copiar.webp 698w, https:\/\/wavewoman.world\/site\/wp-content\/uploads\/2023\/11\/Tati-Nigro2-copiar-207x300.webp 207w, https:\/\/wavewoman.world\/site\/wp-content\/uploads\/2023\/11\/Tati-Nigro2-copiar-600x870.webp 600w\" sizes=\"(max-width: 698px) 100vw, 698px\" \/>\t\t\t\t\t\t\t\t\t\t\t\t\t\t\t<\/div>\n\t\t\t\t<\/div>\n\t\t\t\t<\/div>\n\t\t<div class=\"elementor-element elementor-element-4b931986 e-con-full e-flex e-con e-child\" data-id=\"4b931986\" data-element_type=\"container\">\n\t\t\t\t<div class=\"elementor-element elementor-element-4eac6b94 elementor-widget elementor-widget-heading\" data-id=\"4eac6b94\" data-element_type=\"widget\" data-widget_type=\"heading.default\">\n\t\t\t\t<div class=\"elementor-widget-container\">\n\t\t\t\t\t<h2 class=\"elementor-heading-title elementor-size-default\">\u00e0 frente da wav&amp;<\/h2>\t\t\t\t<\/div>\n\t\t\t\t<\/div>\n\t\t\t\t<div class=\"elementor-element elementor-element-55a5f2b3 elementor-widget elementor-widget-heading\" data-id=\"55a5f2b3\" data-element_type=\"widget\" data-widget_type=\"heading.default\">\n\t\t\t\t<div class=\"elementor-widget-container\">\n\t\t\t\t\t<h2 class=\"elementor-heading-title elementor-size-default\">Tati Nigro<\/h2>\t\t\t\t<\/div>\n\t\t\t\t<\/div>\n\t\t\t\t<div class=\"elementor-element elementor-element-a2b1acc elementor-widget elementor-widget-text-editor\" data-id=\"a2b1acc\" data-element_type=\"widget\" data-widget_type=\"text-editor.default\">\n\t\t\t\t<div class=\"elementor-widget-container\">\n\t\t\t\t\t\t\t\t\t<p>CEO &amp; fundadora da Wav&amp; e do Movimento &#8220;Share your Light&#8221;<\/p>\t\t\t\t\t\t\t\t<\/div>\n\t\t\t\t<\/div>\n\t\t\t\t<div class=\"elementor-element elementor-element-6476e7ba elementor-widget elementor-widget-text-editor\" data-id=\"6476e7ba\" data-element_type=\"widget\" data-widget_type=\"text-editor.default\">\n\t\t\t\t<div class=\"elementor-widget-container\">\n\t\t\t\t\t\t\t\t\t<p>Bacharel em desenho de moda pela faculdade Santa Marcelina, com 30 anos de experi\u00eancia no varejo de moda. E 25 anos de atua\u00e7\u00e3o diretiva e criativa em grandes marcas nacionais como BENEDUCI, LE LIS BLANC, SCHUTZ\u00a0 e LOLITA.<\/p><p>Fez evolu\u00e7\u00e3o de carreira ampliando seu ramo de atua\u00e7\u00e3o contemplando as multifacetadas \u00e1reas do comportamento humano.<\/p><p>Certificada em diversos cursos de especializa\u00e7\u00e3o em SP, NY e Paris, \u00e9 a primeira brasileira a concluir o MBA IN LUXURY MANAGEMNET na IUM, International University of Monaco, em 2021, agregando a gest\u00e3o do luxo aplicada ao capital humano.<\/p><p>Ministra Aulas magmas na Funda\u00e7\u00e3o Armando Alvares Penteado (FAAP) contribuindo para a forma\u00e7\u00e3o de futuros profissionais de moda, segmento pelo qual \u00e9 uma eterna apaioxonada.<\/p>\t\t\t\t\t\t\t\t<\/div>\n\t\t\t\t<\/div>\n\t\t\t\t<\/div>\n\t\t\t\t\t<\/div>\n\t\t\t\t<\/div>\n\t\t<div class=\"elementor-element elementor-element-1c01f49 e-flex e-con-boxed e-con e-parent\" data-id=\"1c01f49\" data-element_type=\"container\" data-settings=\"{&quot;background_background&quot;:&quot;classic&quot;,&quot;shape_divider_top&quot;:&quot;mountains&quot;}\">\n\t\t\t\t\t<div class=\"e-con-inner\">\n\t\t\t\t<div class=\"elementor-shape elementor-shape-top\" aria-hidden=\"true\" data-negative=\"false\">\n\t\t\t<svg xmlns=\"http:\/\/www.w3.org\/2000\/svg\" viewBox=\"0 0 1000 100\" preserveAspectRatio=\"none\">\n\t<path class=\"elementor-shape-fill\" opacity=\"0.33\" d=\"M473,67.3c-203.9,88.3-263.1-34-320.3,0C66,119.1,0,59.7,0,59.7V0h1000v59.7 c0,0-62.1,26.1-94.9,29.3c-32.8,3.3-62.8-12.3-75.8-22.1C806,49.6,745.3,8.7,694.9,4.7S492.4,59,473,67.3z\"\/>\n\t<path class=\"elementor-shape-fill\" opacity=\"0.66\" d=\"M734,67.3c-45.5,0-77.2-23.2-129.1-39.1c-28.6-8.7-150.3-10.1-254,39.1 s-91.7-34.4-149.2,0C115.7,118.3,0,39.8,0,39.8V0h1000v36.5c0,0-28.2-18.5-92.1-18.5C810.2,18.1,775.7,67.3,734,67.3z\"\/>\n\t<path class=\"elementor-shape-fill\" d=\"M766.1,28.9c-200-57.5-266,65.5-395.1,19.5C242,1.8,242,5.4,184.8,20.6C128,35.8,132.3,44.9,89.9,52.5C28.6,63.7,0,0,0,0 h1000c0,0-9.9,40.9-83.6,48.1S829.6,47,766.1,28.9z\"\/>\n<\/svg>\t\t<\/div>\n\t\t<div class=\"elementor-element elementor-element-e6a80df e-flex e-con-boxed e-con e-child\" data-id=\"e6a80df\" data-element_type=\"container\">\n\t\t\t\t\t<div class=\"e-con-inner\">\n\t\t<div class=\"elementor-element elementor-element-754171a e-con-full e-flex e-con e-child\" data-id=\"754171a\" data-element_type=\"container\">\n\t\t\t\t<div class=\"elementor-element elementor-element-5cb6d97 elementor-widget elementor-widget-image\" data-id=\"5cb6d97\" data-element_type=\"widget\" data-widget_type=\"image.default\">\n\t\t\t\t<div class=\"elementor-widget-container\">\n\t\t\t\t\t\t\t\t\t\t\t\t\t\t\t<img decoding=\"async\" width=\"465\" height=\"585\" src=\"https:\/\/wavewoman.world\/site\/wp-content\/uploads\/2023\/11\/Tati-Nigro4.png\" class=\"attachment-large size-large wp-image-718\" alt=\"\" srcset=\"https:\/\/wavewoman.world\/site\/wp-content\/uploads\/2023\/11\/Tati-Nigro4.png 465w, https:\/\/wavewoman.world\/site\/wp-content\/uploads\/2023\/11\/Tati-Nigro4-238x300.png 238w\" sizes=\"(max-width: 465px) 100vw, 465px\" \/>\t\t\t\t\t\t\t\t\t\t\t\t\t\t\t<\/div>\n\t\t\t\t<\/div>\n\t\t\t\t<\/div>\n\t\t<div class=\"elementor-element elementor-element-b0d2c8d e-con-full e-flex e-con e-child\" data-id=\"b0d2c8d\" data-element_type=\"container\">\n\t\t\t\t<div class=\"elementor-element elementor-element-aef8c8c elementor-absolute elementor-widget elementor-widget-image\" data-id=\"aef8c8c\" data-element_type=\"widget\" data-settings=\"{&quot;_position&quot;:&quot;absolute&quot;}\" data-widget_type=\"image.default\">\n\t\t\t\t<div class=\"elementor-widget-container\">\n\t\t\t\t\t\t\t\t\t\t\t\t\t\t\t<img loading=\"lazy\" decoding=\"async\" width=\"302\" height=\"233\" src=\"https:\/\/wavewoman.world\/site\/wp-content\/uploads\/2023\/11\/aspas.webp\" class=\"attachment-large size-large wp-image-189\" alt=\"\" srcset=\"https:\/\/wavewoman.world\/site\/wp-content\/uploads\/2023\/11\/aspas.webp 302w, https:\/\/wavewoman.world\/site\/wp-content\/uploads\/2023\/11\/aspas-300x231.webp 300w\" sizes=\"(max-width: 302px) 100vw, 302px\" \/>\t\t\t\t\t\t\t\t\t\t\t\t\t\t\t<\/div>\n\t\t\t\t<\/div>\n\t\t\t\t<\/div>\n\t\t<div class=\"elementor-element elementor-element-5cc996a e-con-full e-flex e-con e-child\" data-id=\"5cc996a\" data-element_type=\"container\">\n\t\t\t\t<div class=\"elementor-element elementor-element-0acbd9d elementor-widget elementor-widget-testimonial\" data-id=\"0acbd9d\" data-element_type=\"widget\" data-widget_type=\"testimonial.default\">\n\t\t\t\t<div class=\"elementor-widget-container\">\n\t\t\t\t\t\t\t<div class=\"elementor-testimonial-wrapper\">\n\t\t\t\t\t\t\t<div class=\"elementor-testimonial-content\">Um indiv\u00edduo, seja ele funcion\u00e1rio, fornecedor ou cliente, que se sente cuidado e nutrido de afeto, \u00e9 mais pr\u00f3-ativo, eficiente, confiante e, fiel.<\/div>\n\t\t\t\n\t\t\t\t\t\t<div class=\"elementor-testimonial-meta\">\n\t\t\t\t<div class=\"elementor-testimonial-meta-inner\">\n\t\t\t\t\t\n\t\t\t\t\t\t\t\t\t\t<div class=\"elementor-testimonial-details\">\n\t\t\t\t\t\t\t\t\t\t\t\t\t\t<div class=\"elementor-testimonial-name\">Tati Nigro<\/div>\n\t\t\t\t\t\t\t\t\t\t\t\t\t\t\t\t\t\t\t\t\t\t<div class=\"elementor-testimonial-job\">Cool Hunting <br> &amp; Behaviors that Shape Society Specialist <\/div>\n\t\t\t\t\t\t\t\t\t\t\t\t\t<\/div>\n\t\t\t\t\t\t\t\t\t<\/div>\n\t\t\t<\/div>\n\t\t\t\t\t<\/div>\n\t\t\t\t\t\t<\/div>\n\t\t\t\t<\/div>\n\t\t\t\t<\/div>\n\t\t\t\t\t<\/div>\n\t\t\t\t<\/div>\n\t\t\t\t<div class=\"elementor-element elementor-element-cf04454 elementor-widget elementor-widget-heading\" data-id=\"cf04454\" data-element_type=\"widget\" data-widget_type=\"heading.default\">\n\t\t\t\t<div class=\"elementor-widget-container\">\n\t\t\t\t\t<h2 class=\"elementor-heading-title elementor-size-default\">Nunca foi t\u00e3o importante cuidar de nossa rede. Seja ela de fornecimento, de afetos ou de conhecimento.<\/h2>\t\t\t\t<\/div>\n\t\t\t\t<\/div>\n\t\t\t\t\t<\/div>\n\t\t\t\t<\/div>\n\t\t\t\t<\/div>\n\t\t","protected":false},"excerpt":{"rendered":"<p>Luxury Management Future Now Cool Hunting specialist Leadeship Interpersonal skills Problem Solving Ethic work Teamwork Good communication Luxury Management Future Now Cool Hunting specialist Leadeship Interpersonal skills Problem Solving Ethic work Teamwork Good communication \u00e0 frente da wav&#038; Tati Nigro CEO &amp; fundadora da Wav&amp; e do Movimento &#8220;Share your Light&#8221; Bacharel em desenho de [&hellip;]<\/p>\n","protected":false},"author":1,"featured_media":0,"parent":0,"menu_order":0,"comment_status":"closed","ping_status":"closed","template":"","meta":{"pmpro_default_level":"","footnotes":""},"class_list":["post-37","page","type-page","status-publish","hentry","pmpro-has-access"],"_links":{"self":[{"href":"https:\/\/wavewoman.world\/site\/wp-json\/wp\/v2\/pages\/37","targetHints":{"allow":["GET"]}}],"collection":[{"href":"https:\/\/wavewoman.world\/site\/wp-json\/wp\/v2\/pages"}],"about":[{"href":"https:\/\/wavewoman.world\/site\/wp-json\/wp\/v2\/types\/page"}],"author":[{"embeddable":true,"href":"https:\/\/wavewoman.world\/site\/wp-json\/wp\/v2\/users\/1"}],"replies":[{"embeddable":true,"href":"https:\/\/wavewoman.world\/site\/wp-json\/wp\/v2\/comments?post=37"}],"version-history":[{"count":88,"href":"https:\/\/wavewoman.world\/site\/wp-json\/wp\/v2\/pages\/37\/revisions"}],"predecessor-version":[{"id":742,"href":"https:\/\/wavewoman.world\/site\/wp-json\/wp\/v2\/pages\/37\/revisions\/742"}],"wp:attachment":[{"href":"https:\/\/wavewoman.world\/site\/wp-json\/wp\/v2\/media?parent=37"}],"curies":[{"name":"wp","href":"https:\/\/api.w.org\/{rel}","templated":true}]}}