{"id":33,"date":"2023-11-20T22:56:32","date_gmt":"2023-11-20T22:56:32","guid":{"rendered":"https:\/\/wavewoman.world\/site\/?page_id=33"},"modified":"2025-08-26T04:13:44","modified_gmt":"2025-08-26T04:13:44","slug":"pilares","status":"publish","type":"page","link":"https:\/\/wavewoman.world\/site\/pilares\/","title":{"rendered":"Pilares"},"content":{"rendered":"\t\t<div data-elementor-type=\"wp-page\" data-elementor-id=\"33\" class=\"elementor elementor-33\" data-elementor-post-type=\"page\">\n\t\t\t\t<div class=\"elementor-element elementor-element-2d4b3af2 e-flex e-con-boxed e-con e-parent\" data-id=\"2d4b3af2\" data-element_type=\"container\" data-settings=\"{&quot;background_background&quot;:&quot;classic&quot;}\">\n\t\t\t\t\t<div class=\"e-con-inner\">\n\t\t\t\t<div class=\"elementor-element elementor-element-2d850fdc elementor-widget elementor-widget-heading\" data-id=\"2d850fdc\" data-element_type=\"widget\" data-widget_type=\"heading.default\">\n\t\t\t\t<div class=\"elementor-widget-container\">\n\t\t\t\t\t<h1 class=\"elementor-heading-title elementor-size-default\">Pilares<\/h1>\t\t\t\t<\/div>\n\t\t\t\t<\/div>\n\t\t\t\t\t<\/div>\n\t\t\t\t<\/div>\n\t\t<div class=\"elementor-element elementor-element-72f4baa e-flex e-con-boxed e-con e-parent\" data-id=\"72f4baa\" data-element_type=\"container\" data-settings=\"{&quot;background_background&quot;:&quot;classic&quot;,&quot;shape_divider_bottom&quot;:&quot;mountains&quot;}\">\n\t\t\t\t\t<div class=\"e-con-inner\">\n\t\t\t\t<div class=\"elementor-shape elementor-shape-bottom\" aria-hidden=\"true\" data-negative=\"false\">\n\t\t\t<svg xmlns=\"http:\/\/www.w3.org\/2000\/svg\" viewBox=\"0 0 1000 100\" preserveAspectRatio=\"none\">\n\t<path class=\"elementor-shape-fill\" opacity=\"0.33\" d=\"M473,67.3c-203.9,88.3-263.1-34-320.3,0C66,119.1,0,59.7,0,59.7V0h1000v59.7 c0,0-62.1,26.1-94.9,29.3c-32.8,3.3-62.8-12.3-75.8-22.1C806,49.6,745.3,8.7,694.9,4.7S492.4,59,473,67.3z\"\/>\n\t<path class=\"elementor-shape-fill\" opacity=\"0.66\" d=\"M734,67.3c-45.5,0-77.2-23.2-129.1-39.1c-28.6-8.7-150.3-10.1-254,39.1 s-91.7-34.4-149.2,0C115.7,118.3,0,39.8,0,39.8V0h1000v36.5c0,0-28.2-18.5-92.1-18.5C810.2,18.1,775.7,67.3,734,67.3z\"\/>\n\t<path class=\"elementor-shape-fill\" d=\"M766.1,28.9c-200-57.5-266,65.5-395.1,19.5C242,1.8,242,5.4,184.8,20.6C128,35.8,132.3,44.9,89.9,52.5C28.6,63.7,0,0,0,0 h1000c0,0-9.9,40.9-83.6,48.1S829.6,47,766.1,28.9z\"\/>\n<\/svg>\t\t<\/div>\n\t\t<div class=\"elementor-element elementor-element-7d79bb5 e-flex e-con-boxed e-con e-child\" data-id=\"7d79bb5\" data-element_type=\"container\">\n\t\t\t\t\t<div class=\"e-con-inner\">\n\t\t<a class=\"elementor-element elementor-element-8813bfa e-con-full e-flex e-con e-child\" data-id=\"8813bfa\" data-element_type=\"container\" data-settings=\"{&quot;background_background&quot;:&quot;classic&quot;}\" href=\"#elementor-action%3Aaction%3Dpopup%3Aopen%26settings%3DeyJpZCI6IjE4MSIsInRvZ2dsZSI6ZmFsc2V9\">\n\t\t\t\t<div class=\"elementor-element elementor-element-a8e4126 elementor-widget elementor-widget-image\" data-id=\"a8e4126\" data-element_type=\"widget\" data-widget_type=\"image.default\">\n\t\t\t\t<div class=\"elementor-widget-container\">\n\t\t\t\t\t\t\t\t\t\t\t\t\t\t\t<img decoding=\"async\" width=\"341\" height=\"105\" src=\"https:\/\/wavewoman.world\/site\/wp-content\/uploads\/2023\/11\/wave-woman-1.png\" class=\"elementor-animation-grow attachment-large size-large wp-image-164\" alt=\"\" srcset=\"https:\/\/wavewoman.world\/site\/wp-content\/uploads\/2023\/11\/wave-woman-1.png 341w, https:\/\/wavewoman.world\/site\/wp-content\/uploads\/2023\/11\/wave-woman-1-300x92.png 300w\" sizes=\"(max-width: 341px) 100vw, 341px\" \/>\t\t\t\t\t\t\t\t\t\t\t\t\t\t\t<\/div>\n\t\t\t\t<\/div>\n\t\t\t\t<div class=\"elementor-element elementor-element-7f14a79 elementor-widget elementor-widget-heading\" data-id=\"7f14a79\" data-element_type=\"widget\" data-widget_type=\"heading.default\">\n\t\t\t\t<div class=\"elementor-widget-container\">\n\t\t\t\t\t<h2 class=\"elementor-heading-title elementor-size-default\">Autoestima &amp; Autoconhecimento<\/h2>\t\t\t\t<\/div>\n\t\t\t\t<\/div>\n\t\t\t\t<\/a>\n\t\t<a class=\"elementor-element elementor-element-e066049 e-con-full e-flex e-con e-child\" data-id=\"e066049\" data-element_type=\"container\" data-settings=\"{&quot;background_background&quot;:&quot;classic&quot;}\" href=\"#elementor-action%3Aaction%3Dpopup%3Aopen%26settings%3DeyJpZCI6IjE3OSIsInRvZ2dsZSI6ZmFsc2V9\">\n\t\t\t\t<div class=\"elementor-element elementor-element-797e853 elementor-widget elementor-widget-image\" data-id=\"797e853\" data-element_type=\"widget\" data-widget_type=\"image.default\">\n\t\t\t\t<div class=\"elementor-widget-container\">\n\t\t\t\t\t\t\t\t\t\t\t\t\t\t\t<img decoding=\"async\" width=\"340\" height=\"108\" src=\"https:\/\/wavewoman.world\/site\/wp-content\/uploads\/2023\/11\/wave-Wellness-1.png\" class=\"elementor-animation-grow attachment-large size-large wp-image-165\" alt=\"\" srcset=\"https:\/\/wavewoman.world\/site\/wp-content\/uploads\/2023\/11\/wave-Wellness-1.png 340w, https:\/\/wavewoman.world\/site\/wp-content\/uploads\/2023\/11\/wave-Wellness-1-300x95.png 300w\" sizes=\"(max-width: 340px) 100vw, 340px\" \/>\t\t\t\t\t\t\t\t\t\t\t\t\t\t\t<\/div>\n\t\t\t\t<\/div>\n\t\t\t\t<div class=\"elementor-element elementor-element-09f7c88 elementor-widget elementor-widget-heading\" data-id=\"09f7c88\" data-element_type=\"widget\" data-widget_type=\"heading.default\">\n\t\t\t\t<div class=\"elementor-widget-container\">\n\t\t\t\t\t<h2 class=\"elementor-heading-title elementor-size-default\">Autocuidado, sa\u00fade<br> &amp; Bem-estar<\/h2>\t\t\t\t<\/div>\n\t\t\t\t<\/div>\n\t\t\t\t<\/a>\n\t\t<a class=\"elementor-element elementor-element-0ccc84c e-con-full e-flex e-con e-child\" data-id=\"0ccc84c\" data-element_type=\"container\" data-settings=\"{&quot;background_background&quot;:&quot;classic&quot;}\" href=\"#elementor-action%3Aaction%3Dpopup%3Aopen%26settings%3DeyJpZCI6IjE3NSIsInRvZ2dsZSI6ZmFsc2V9\">\n\t\t\t\t<div class=\"elementor-element elementor-element-036522f elementor-widget elementor-widget-image\" data-id=\"036522f\" data-element_type=\"widget\" data-widget_type=\"image.default\">\n\t\t\t\t<div class=\"elementor-widget-container\">\n\t\t\t\t\t\t\t\t\t\t\t\t\t\t\t<img decoding=\"async\" width=\"340\" height=\"108\" src=\"https:\/\/wavewoman.world\/site\/wp-content\/uploads\/2023\/11\/wave-Fashion-1.png\" class=\"elementor-animation-grow attachment-large size-large wp-image-166\" alt=\"\" srcset=\"https:\/\/wavewoman.world\/site\/wp-content\/uploads\/2023\/11\/wave-Fashion-1.png 340w, https:\/\/wavewoman.world\/site\/wp-content\/uploads\/2023\/11\/wave-Fashion-1-300x95.png 300w\" sizes=\"(max-width: 340px) 100vw, 340px\" \/>\t\t\t\t\t\t\t\t\t\t\t\t\t\t\t<\/div>\n\t\t\t\t<\/div>\n\t\t\t\t<div class=\"elementor-element elementor-element-0ae013c elementor-widget elementor-widget-heading\" data-id=\"0ae013c\" data-element_type=\"widget\" data-widget_type=\"heading.default\">\n\t\t\t\t<div class=\"elementor-widget-container\">\n\t\t\t\t\t<h2 class=\"elementor-heading-title elementor-size-default\">Autoimagem &amp; <br>Conhecimento cultural<\/h2>\t\t\t\t<\/div>\n\t\t\t\t<\/div>\n\t\t\t\t<\/a>\n\t\t<a class=\"elementor-element elementor-element-d460947 e-con-full e-flex e-con e-child\" data-id=\"d460947\" data-element_type=\"container\" data-settings=\"{&quot;background_background&quot;:&quot;classic&quot;}\" href=\"#elementor-action%3Aaction%3Dpopup%3Aopen%26settings%3DeyJpZCI6IjE3NyIsInRvZ2dsZSI6ZmFsc2V9\">\n\t\t\t\t<div class=\"elementor-element elementor-element-ed2e34b elementor-widget elementor-widget-image\" data-id=\"ed2e34b\" data-element_type=\"widget\" data-widget_type=\"image.default\">\n\t\t\t\t<div class=\"elementor-widget-container\">\n\t\t\t\t\t\t\t\t\t\t\t\t\t\t\t<img loading=\"lazy\" decoding=\"async\" width=\"340\" height=\"124\" src=\"https:\/\/wavewoman.world\/site\/wp-content\/uploads\/2023\/11\/wave-purpose-1.png\" class=\"elementor-animation-grow attachment-large size-large wp-image-167\" alt=\"\" srcset=\"https:\/\/wavewoman.world\/site\/wp-content\/uploads\/2023\/11\/wave-purpose-1.png 340w, https:\/\/wavewoman.world\/site\/wp-content\/uploads\/2023\/11\/wave-purpose-1-300x109.png 300w\" sizes=\"(max-width: 340px) 100vw, 340px\" \/>\t\t\t\t\t\t\t\t\t\t\t\t\t\t\t<\/div>\n\t\t\t\t<\/div>\n\t\t\t\t<div class=\"elementor-element elementor-element-9f8f1fb elementor-widget elementor-widget-heading\" data-id=\"9f8f1fb\" data-element_type=\"widget\" data-widget_type=\"heading.default\">\n\t\t\t\t<div class=\"elementor-widget-container\">\n\t\t\t\t\t<h2 class=\"elementor-heading-title elementor-size-default\">Legado &amp; Prop\u00f3sito<\/h2>\t\t\t\t<\/div>\n\t\t\t\t<\/div>\n\t\t\t\t<\/a>\n\t\t\t\t\t<\/div>\n\t\t\t\t<\/div>\n\t\t\t\t\t<\/div>\n\t\t\t\t<\/div>\n\t\t<div class=\"elementor-element elementor-element-3c27906a e-flex e-con-boxed e-con e-parent\" data-id=\"3c27906a\" data-element_type=\"container\" id=\"woman\">\n\t\t\t\t\t<div class=\"e-con-inner\">\n\t\t<div class=\"elementor-element elementor-element-4a1f806c e-con-full e-flex e-con e-child\" data-id=\"4a1f806c\" data-element_type=\"container\">\n\t\t\t\t<div class=\"elementor-element elementor-element-1f022d1d elementor-widget elementor-widget-image\" data-id=\"1f022d1d\" data-element_type=\"widget\" data-widget_type=\"image.default\">\n\t\t\t\t<div class=\"elementor-widget-container\">\n\t\t\t\t\t\t\t\t\t\t\t\t\t\t\t<img loading=\"lazy\" decoding=\"async\" width=\"225\" height=\"223\" src=\"https:\/\/wavewoman.world\/site\/wp-content\/uploads\/2023\/12\/woman.png\" class=\"attachment-full size-full wp-image-1253\" alt=\"\" srcset=\"https:\/\/wavewoman.world\/site\/wp-content\/uploads\/2023\/12\/woman.png 225w, https:\/\/wavewoman.world\/site\/wp-content\/uploads\/2023\/12\/woman-150x150.png 150w, https:\/\/wavewoman.world\/site\/wp-content\/uploads\/2023\/12\/woman-100x100.png 100w\" sizes=\"(max-width: 225px) 100vw, 225px\" \/>\t\t\t\t\t\t\t\t\t\t\t\t\t\t\t<\/div>\n\t\t\t\t<\/div>\n\t\t\t\t<\/div>\n\t\t<div class=\"elementor-element elementor-element-a82871a e-con-full e-flex e-con e-child\" data-id=\"a82871a\" data-element_type=\"container\">\n\t\t\t\t<div class=\"elementor-element elementor-element-2e62e472 elementor-widget elementor-widget-heading\" data-id=\"2e62e472\" data-element_type=\"widget\" data-widget_type=\"heading.default\">\n\t\t\t\t<div class=\"elementor-widget-container\">\n\t\t\t\t\t<h2 class=\"elementor-heading-title elementor-size-default\">Woman<\/h2>\t\t\t\t<\/div>\n\t\t\t\t<\/div>\n\t\t\t\t<div class=\"elementor-element elementor-element-7dea9044 elementor-widget elementor-widget-heading\" data-id=\"7dea9044\" data-element_type=\"widget\" data-widget_type=\"heading.default\">\n\t\t\t\t<div class=\"elementor-widget-container\">\n\t\t\t\t\t<h2 class=\"elementor-heading-title elementor-size-default\">Autoestima &amp; Autoconhecimento<\/h2>\t\t\t\t<\/div>\n\t\t\t\t<\/div>\n\t\t\t\t<div class=\"elementor-element elementor-element-15b16324 elementor-widget elementor-widget-text-editor\" data-id=\"15b16324\" data-element_type=\"widget\" data-widget_type=\"text-editor.default\">\n\t\t\t\t<div class=\"elementor-widget-container\">\n\t\t\t\t\t\t\t\t\t<p>Autoconhecimento, essa viagem interna que nos leva a desenvolver a autoconsci\u00eancia, a busca interna de nossa identidade, desejos, limites e, sobretudo, reconhecendo nossa ess\u00eancia, o que nos pertence e o que n\u00e3o nos pertence mais. A reflex\u00e3o e as perguntas que fazemos a n\u00f3s mesmas para poder entender o que nos motiva e quais realmente s\u00e3o as escolhas que queremos para nosso presente e futuro.<\/p>\t\t\t\t\t\t\t\t<\/div>\n\t\t\t\t<\/div>\n\t\t\t\t<\/div>\n\t\t\t\t\t<\/div>\n\t\t\t\t<\/div>\n\t\t<div class=\"elementor-element elementor-element-767da798 e-flex e-con-boxed e-con e-parent\" data-id=\"767da798\" data-element_type=\"container\" id=\"wellness\">\n\t\t\t\t\t<div class=\"e-con-inner\">\n\t\t<div class=\"elementor-element elementor-element-212dcefd e-con-full e-flex e-con e-child\" data-id=\"212dcefd\" data-element_type=\"container\">\n\t\t\t\t<div class=\"elementor-element elementor-element-613e66e1 elementor-widget elementor-widget-heading\" data-id=\"613e66e1\" data-element_type=\"widget\" data-widget_type=\"heading.default\">\n\t\t\t\t<div class=\"elementor-widget-container\">\n\t\t\t\t\t<h2 class=\"elementor-heading-title elementor-size-default\">Wellness<\/h2>\t\t\t\t<\/div>\n\t\t\t\t<\/div>\n\t\t\t\t<div class=\"elementor-element elementor-element-2c09ebc6 elementor-widget elementor-widget-heading\" data-id=\"2c09ebc6\" data-element_type=\"widget\" data-widget_type=\"heading.default\">\n\t\t\t\t<div class=\"elementor-widget-container\">\n\t\t\t\t\t<h2 class=\"elementor-heading-title elementor-size-default\">Autocuidado, sa\u00fade &amp; Bem-estar<\/h2>\t\t\t\t<\/div>\n\t\t\t\t<\/div>\n\t\t\t\t<div class=\"elementor-element elementor-element-5f2b6f9 elementor-widget elementor-widget-heading\" data-id=\"5f2b6f9\" data-element_type=\"widget\" data-widget_type=\"heading.default\">\n\t\t\t\t<div class=\"elementor-widget-container\">\n\t\t\t\t\t<h4 class=\"elementor-heading-title elementor-size-default\">sa\u00fade mental, a sexual<\/h4>\t\t\t\t<\/div>\n\t\t\t\t<\/div>\n\t\t\t\t<div class=\"elementor-element elementor-element-4a8f4cfb elementor-widget elementor-widget-text-editor\" data-id=\"4a8f4cfb\" data-element_type=\"widget\" data-widget_type=\"text-editor.default\">\n\t\t\t\t<div class=\"elementor-widget-container\">\n\t\t\t\t\t\t\t\t\t<p>Cuidar de nosso corpo, de nossa sa\u00fade, de nossa casa onde vive nossa alma. Tudo que precisamos entender para cuidar e preservar a nossa sa\u00fade f\u00edsica, mental, sexual e emocional com o aporte de profissionais especialistas de cada \u00e1rea, para nos ajudar a conquistar a t\u00e3o desejada qualidade de vida e o nosso equilibrio integral.<\/p>\t\t\t\t\t\t\t\t<\/div>\n\t\t\t\t<\/div>\n\t\t\t\t<\/div>\n\t\t<div class=\"elementor-element elementor-element-5d364586 e-con-full e-flex e-con e-child\" data-id=\"5d364586\" data-element_type=\"container\">\n\t\t\t\t<div class=\"elementor-element elementor-element-3b6aff06 elementor-widget elementor-widget-image\" data-id=\"3b6aff06\" data-element_type=\"widget\" data-widget_type=\"image.default\">\n\t\t\t\t<div class=\"elementor-widget-container\">\n\t\t\t\t\t\t\t\t\t\t\t\t\t\t\t<img loading=\"lazy\" decoding=\"async\" width=\"213\" height=\"198\" src=\"https:\/\/wavewoman.world\/site\/wp-content\/uploads\/2023\/12\/wellness.png\" class=\"attachment-large size-large wp-image-1252\" alt=\"\" \/>\t\t\t\t\t\t\t\t\t\t\t\t\t\t\t<\/div>\n\t\t\t\t<\/div>\n\t\t\t\t<\/div>\n\t\t\t\t\t<\/div>\n\t\t\t\t<\/div>\n\t\t<div class=\"elementor-element elementor-element-5d9c6d31 e-flex e-con-boxed e-con e-parent\" data-id=\"5d9c6d31\" data-element_type=\"container\" id=\"fashion\">\n\t\t\t\t\t<div class=\"e-con-inner\">\n\t\t<div class=\"elementor-element elementor-element-5e124198 e-con-full e-flex e-con e-child\" data-id=\"5e124198\" data-element_type=\"container\">\n\t\t\t\t<div class=\"elementor-element elementor-element-5c03b48c elementor-widget elementor-widget-image\" data-id=\"5c03b48c\" data-element_type=\"widget\" data-widget_type=\"image.default\">\n\t\t\t\t<div class=\"elementor-widget-container\">\n\t\t\t\t\t\t\t\t\t\t\t\t\t\t\t<img loading=\"lazy\" decoding=\"async\" width=\"202\" height=\"202\" src=\"https:\/\/wavewoman.world\/site\/wp-content\/uploads\/2023\/12\/fashion.png\" class=\"attachment-large size-large wp-image-1251\" alt=\"\" srcset=\"https:\/\/wavewoman.world\/site\/wp-content\/uploads\/2023\/12\/fashion.png 202w, https:\/\/wavewoman.world\/site\/wp-content\/uploads\/2023\/12\/fashion-150x150.png 150w, https:\/\/wavewoman.world\/site\/wp-content\/uploads\/2023\/12\/fashion-100x100.png 100w\" sizes=\"(max-width: 202px) 100vw, 202px\" \/>\t\t\t\t\t\t\t\t\t\t\t\t\t\t\t<\/div>\n\t\t\t\t<\/div>\n\t\t\t\t<\/div>\n\t\t<div class=\"elementor-element elementor-element-73fe348f e-con-full e-flex e-con e-child\" data-id=\"73fe348f\" data-element_type=\"container\">\n\t\t\t\t<div class=\"elementor-element elementor-element-1e92cd73 elementor-widget elementor-widget-heading\" data-id=\"1e92cd73\" data-element_type=\"widget\" data-widget_type=\"heading.default\">\n\t\t\t\t<div class=\"elementor-widget-container\">\n\t\t\t\t\t<h2 class=\"elementor-heading-title elementor-size-default\">Fashion &amp; Arts<\/h2>\t\t\t\t<\/div>\n\t\t\t\t<\/div>\n\t\t\t\t<div class=\"elementor-element elementor-element-79cd7957 elementor-widget elementor-widget-heading\" data-id=\"79cd7957\" data-element_type=\"widget\" data-widget_type=\"heading.default\">\n\t\t\t\t<div class=\"elementor-widget-container\">\n\t\t\t\t\t<h2 class=\"elementor-heading-title elementor-size-default\">Autoimagem &amp; Conhecimento cultural<\/h2>\t\t\t\t<\/div>\n\t\t\t\t<\/div>\n\t\t\t\t<div class=\"elementor-element elementor-element-1422f222 elementor-widget elementor-widget-text-editor\" data-id=\"1422f222\" data-element_type=\"widget\" data-widget_type=\"text-editor.default\">\n\t\t\t\t<div class=\"elementor-widget-container\">\n\t\t\t\t\t\t\t\t\t<p>Quebrando os estigmas da idade da mulher em rela\u00e7\u00e3o \u00e0 forma de se comportar e se vestir, este pilar fashion tem como prop\u00f3sito aprofundar a conex\u00e3o de toda mulher com a sua autoimagem e contribuir, de forma pr\u00e1tica e eficiente, para que ela adquira dom\u00ednio em como quer se comunicar e se apresentar ao mundo, mesmo sem falar uma \u00fanica palavra.<br \/>No pilar Arts: Em movimentos coletivos socio-culturais, contribuirmos de forma prazerosa para que voc\u00ea amplie seu repert\u00f3rio cultural, fa\u00e7a amizades e se deleite participando de eventos multissensoriais, estimulando o seu olhar para o belo e ampliando sua sensa\u00e7\u00e3o de prazer.<\/p>\t\t\t\t\t\t\t\t<\/div>\n\t\t\t\t<\/div>\n\t\t\t\t<\/div>\n\t\t\t\t\t<\/div>\n\t\t\t\t<\/div>\n\t\t<div class=\"elementor-element elementor-element-361e8cfa e-flex e-con-boxed e-con e-parent\" data-id=\"361e8cfa\" data-element_type=\"container\" id=\"legacy\">\n\t\t\t\t\t<div class=\"e-con-inner\">\n\t\t<div class=\"elementor-element elementor-element-a61e1fe e-con-full e-flex e-con e-child\" data-id=\"a61e1fe\" data-element_type=\"container\">\n\t\t\t\t<div class=\"elementor-element elementor-element-68a04489 elementor-widget elementor-widget-heading\" data-id=\"68a04489\" data-element_type=\"widget\" data-widget_type=\"heading.default\">\n\t\t\t\t<div class=\"elementor-widget-container\">\n\t\t\t\t\t<h2 class=\"elementor-heading-title elementor-size-default\">Purpose &amp; Legacy<\/h2>\t\t\t\t<\/div>\n\t\t\t\t<\/div>\n\t\t\t\t<div class=\"elementor-element elementor-element-2e58ac6a elementor-widget elementor-widget-heading\" data-id=\"2e58ac6a\" data-element_type=\"widget\" data-widget_type=\"heading.default\">\n\t\t\t\t<div class=\"elementor-widget-container\">\n\t\t\t\t\t<h2 class=\"elementor-heading-title elementor-size-default\">Legado &amp; Prop\u00f3sito<\/h2>\t\t\t\t<\/div>\n\t\t\t\t<\/div>\n\t\t\t\t<div class=\"elementor-element elementor-element-7d390346 elementor-widget elementor-widget-text-editor\" data-id=\"7d390346\" data-element_type=\"widget\" data-widget_type=\"text-editor.default\">\n\t\t\t\t<div class=\"elementor-widget-container\">\n\t\t\t\t\t\t\t\t\t<p>Neste contexto, encorajamos as mulheres a refletir sobre as marcas que desejamos deixar em nossas fam\u00edlias, na sociedade e no mundo. \u00c9 fundamental identificar nosso prop\u00f3sito e integr\u00e1-lo com nossos valores pessoais e compartilhados, assegurando a sintonia, em harmonia, entre legado, prop\u00f3sito, la\u00e7os afetivos e ess\u00eancia.<\/p>\t\t\t\t\t\t\t\t<\/div>\n\t\t\t\t<\/div>\n\t\t\t\t<\/div>\n\t\t<div class=\"elementor-element elementor-element-6228025a e-con-full e-flex e-con e-child\" data-id=\"6228025a\" data-element_type=\"container\">\n\t\t\t\t<div class=\"elementor-element elementor-element-29d838e1 elementor-widget elementor-widget-image\" data-id=\"29d838e1\" data-element_type=\"widget\" data-widget_type=\"image.default\">\n\t\t\t\t<div class=\"elementor-widget-container\">\n\t\t\t\t\t\t\t\t\t\t\t\t\t\t\t<img loading=\"lazy\" decoding=\"async\" width=\"500\" height=\"500\" src=\"https:\/\/wavewoman.world\/site\/wp-content\/uploads\/2023\/12\/legacy.png\" class=\"attachment-large size-large wp-image-1254\" alt=\"\" srcset=\"https:\/\/wavewoman.world\/site\/wp-content\/uploads\/2023\/12\/legacy.png 500w, https:\/\/wavewoman.world\/site\/wp-content\/uploads\/2023\/12\/legacy-300x300.png 300w, https:\/\/wavewoman.world\/site\/wp-content\/uploads\/2023\/12\/legacy-150x150.png 150w, https:\/\/wavewoman.world\/site\/wp-content\/uploads\/2023\/12\/legacy-100x100.png 100w\" sizes=\"(max-width: 500px) 100vw, 500px\" \/>\t\t\t\t\t\t\t\t\t\t\t\t\t\t\t<\/div>\n\t\t\t\t<\/div>\n\t\t\t\t<\/div>\n\t\t\t\t\t<\/div>\n\t\t\t\t<\/div>\n\t\t\t\t<\/div>\n\t\t","protected":false},"excerpt":{"rendered":"<p>Pilares Autoestima &amp; Autoconhecimento Autocuidado, sa\u00fade &amp; Bem-estar Autoimagem &amp; Conhecimento cultural Legado &amp; Prop\u00f3sito Woman Autoestima &amp; Autoconhecimento Autoconhecimento, essa viagem interna que nos leva a desenvolver a autoconsci\u00eancia, a busca interna de nossa identidade, desejos, limites e, sobretudo, reconhecendo nossa ess\u00eancia, o que nos pertence e o que n\u00e3o nos pertence mais. A [&hellip;]<\/p>\n","protected":false},"author":1,"featured_media":0,"parent":0,"menu_order":0,"comment_status":"closed","ping_status":"closed","template":"","meta":{"pmpro_default_level":"","footnotes":""},"class_list":["post-33","page","type-page","status-publish","hentry","pmpro-has-access"],"_links":{"self":[{"href":"https:\/\/wavewoman.world\/site\/wp-json\/wp\/v2\/pages\/33","targetHints":{"allow":["GET"]}}],"collection":[{"href":"https:\/\/wavewoman.world\/site\/wp-json\/wp\/v2\/pages"}],"about":[{"href":"https:\/\/wavewoman.world\/site\/wp-json\/wp\/v2\/types\/page"}],"author":[{"embeddable":true,"href":"https:\/\/wavewoman.world\/site\/wp-json\/wp\/v2\/users\/1"}],"replies":[{"embeddable":true,"href":"https:\/\/wavewoman.world\/site\/wp-json\/wp\/v2\/comments?post=33"}],"version-history":[{"count":73,"href":"https:\/\/wavewoman.world\/site\/wp-json\/wp\/v2\/pages\/33\/revisions"}],"predecessor-version":[{"id":2907,"href":"https:\/\/wavewoman.world\/site\/wp-json\/wp\/v2\/pages\/33\/revisions\/2907"}],"wp:attachment":[{"href":"https:\/\/wavewoman.world\/site\/wp-json\/wp\/v2\/media?parent=33"}],"curies":[{"name":"wp","href":"https:\/\/api.w.org\/{rel}","templated":true}]}}