{"id":2768,"date":"2025-07-10T23:02:44","date_gmt":"2025-07-10T23:02:44","guid":{"rendered":"https:\/\/wavewoman.world\/site\/?page_id=2768"},"modified":"2025-07-11T19:35:54","modified_gmt":"2025-07-11T19:35:54","slug":"wav-cast","status":"publish","type":"page","link":"https:\/\/wavewoman.world\/site\/wav-cast\/","title":{"rendered":"Wav&#038; cast"},"content":{"rendered":"\t\t<div data-elementor-type=\"wp-page\" data-elementor-id=\"2768\" class=\"elementor elementor-2768\" data-elementor-post-type=\"page\">\n\t\t\t\t<div class=\"elementor-element elementor-element-7e1121bc e-flex e-con-boxed e-con e-parent\" data-id=\"7e1121bc\" data-element_type=\"container\" data-settings=\"{&quot;background_background&quot;:&quot;classic&quot;,&quot;shape_divider_bottom&quot;:&quot;mountains&quot;}\">\n\t\t\t\t\t<div class=\"e-con-inner\">\n\t\t\t\t<div class=\"elementor-shape elementor-shape-bottom\" aria-hidden=\"true\" data-negative=\"false\">\n\t\t\t<svg xmlns=\"http:\/\/www.w3.org\/2000\/svg\" viewBox=\"0 0 1000 100\" preserveAspectRatio=\"none\">\n\t<path class=\"elementor-shape-fill\" opacity=\"0.33\" d=\"M473,67.3c-203.9,88.3-263.1-34-320.3,0C66,119.1,0,59.7,0,59.7V0h1000v59.7 c0,0-62.1,26.1-94.9,29.3c-32.8,3.3-62.8-12.3-75.8-22.1C806,49.6,745.3,8.7,694.9,4.7S492.4,59,473,67.3z\"\/>\n\t<path class=\"elementor-shape-fill\" opacity=\"0.66\" d=\"M734,67.3c-45.5,0-77.2-23.2-129.1-39.1c-28.6-8.7-150.3-10.1-254,39.1 s-91.7-34.4-149.2,0C115.7,118.3,0,39.8,0,39.8V0h1000v36.5c0,0-28.2-18.5-92.1-18.5C810.2,18.1,775.7,67.3,734,67.3z\"\/>\n\t<path class=\"elementor-shape-fill\" d=\"M766.1,28.9c-200-57.5-266,65.5-395.1,19.5C242,1.8,242,5.4,184.8,20.6C128,35.8,132.3,44.9,89.9,52.5C28.6,63.7,0,0,0,0 h1000c0,0-9.9,40.9-83.6,48.1S829.6,47,766.1,28.9z\"\/>\n<\/svg>\t\t<\/div>\n\t\t\t\t<div class=\"elementor-element elementor-element-64f2279b elementor-widget elementor-widget-heading\" data-id=\"64f2279b\" data-element_type=\"widget\" data-widget_type=\"heading.default\">\n\t\t\t\t<div class=\"elementor-widget-container\">\n\t\t\t\t\t<h1 class=\"elementor-heading-title elementor-size-default\">Wav&amp;  Cast<\/h1>\t\t\t\t<\/div>\n\t\t\t\t<\/div>\n\t\t\t\t\t<\/div>\n\t\t\t\t<\/div>\n\t\t<div class=\"elementor-element elementor-element-7573831 e-flex e-con-boxed e-con e-parent\" data-id=\"7573831\" data-element_type=\"container\">\n\t\t\t\t\t<div class=\"e-con-inner\">\n\t\t<div class=\"elementor-element elementor-element-1ebadde e-con-full e-flex e-con e-child\" data-id=\"1ebadde\" data-element_type=\"container\">\n\t\t<div class=\"elementor-element elementor-element-53ecc96 e-con-full e-flex e-con e-child\" data-id=\"53ecc96\" data-element_type=\"container\">\n\t\t\t\t<div class=\"elementor-element elementor-element-70d5a79 elementor-widget elementor-widget-heading\" data-id=\"70d5a79\" data-element_type=\"widget\" data-widget_type=\"heading.default\">\n\t\t\t\t<div class=\"elementor-widget-container\">\n\t\t\t\t\t<h2 class=\"elementor-heading-title elementor-size-default\">Lan\u00e7amento<\/h2>\t\t\t\t<\/div>\n\t\t\t\t<\/div>\n\t\t\t\t<div class=\"elementor-element elementor-element-751632f elementor-widget elementor-widget-heading\" data-id=\"751632f\" data-element_type=\"widget\" data-widget_type=\"heading.default\">\n\t\t\t\t<div class=\"elementor-widget-container\">\n\t\t\t\t\t<h2 class=\"elementor-heading-title elementor-size-default\">Wave Cast <\/h2>\t\t\t\t<\/div>\n\t\t\t\t<\/div>\n\t\t\t\t<div class=\"elementor-element elementor-element-ec64667 elementor-widget elementor-widget-heading\" data-id=\"ec64667\" data-element_type=\"widget\" data-widget_type=\"heading.default\">\n\t\t\t\t<div class=\"elementor-widget-container\">\n\t\t\t\t\t<h2 class=\"elementor-heading-title elementor-size-default\">a voz delas<\/h2>\t\t\t\t<\/div>\n\t\t\t\t<\/div>\n\t\t\t\t<\/div>\n\t\t<div class=\"elementor-element elementor-element-c418db7 e-con-full e-flex e-con e-child\" data-id=\"c418db7\" data-element_type=\"container\">\n\t\t\t\t<div class=\"elementor-element elementor-element-adbcb3e elementor-widget elementor-widget-video\" data-id=\"adbcb3e\" data-element_type=\"widget\" data-settings=\"{&quot;video_type&quot;:&quot;hosted&quot;,&quot;controls&quot;:&quot;yes&quot;}\" data-widget_type=\"video.default\">\n\t\t\t\t<div class=\"elementor-widget-container\">\n\t\t\t\t\t\t\t<div class=\"e-hosted-video elementor-wrapper elementor-open-inline\">\n\t\t\t\t\t<video class=\"elementor-video\" src=\"https:\/\/wavewoman.world\/site\/wp-content\/uploads\/2024\/08\/VIDEO-2024-08-13-12-05-04.mp4\" controls=\"\" preload=\"metadata\" controlsList=\"nodownload\"><\/video>\n\t\t\t\t<\/div>\n\t\t\t\t\t\t<\/div>\n\t\t\t\t<\/div>\n\t\t\t\t<\/div>\n\t\t\t\t<\/div>\n\t\t\t\t\t<\/div>\n\t\t\t\t<\/div>\n\t\t<div class=\"elementor-element elementor-element-a98ba98 e-flex e-con-boxed e-con e-parent\" data-id=\"a98ba98\" data-element_type=\"container\">\n\t\t\t\t\t<div class=\"e-con-inner\">\n\t\t<div class=\"elementor-element elementor-element-1dfdbd1 e-flex e-con-boxed e-con e-child\" data-id=\"1dfdbd1\" data-element_type=\"container\">\n\t\t\t\t\t<div class=\"e-con-inner\">\n\t\t<div class=\"elementor-element elementor-element-b0b22d2 e-flex e-con-boxed e-con e-child\" data-id=\"b0b22d2\" data-element_type=\"container\">\n\t\t\t\t\t<div class=\"e-con-inner\">\n\t\t\t\t<div class=\"elementor-element elementor-element-5da9f3e elementor-widget elementor-widget-heading\" data-id=\"5da9f3e\" data-element_type=\"widget\" data-widget_type=\"heading.default\">\n\t\t\t\t<div class=\"elementor-widget-container\">\n\t\t\t\t\t<h5 class=\"elementor-heading-title elementor-size-default\">Wave Cast<\/h5>\t\t\t\t<\/div>\n\t\t\t\t<\/div>\n\t\t\t\t<div class=\"elementor-element elementor-element-8cef31d elementor-widget elementor-widget-text-editor\" data-id=\"8cef31d\" data-element_type=\"widget\" data-widget_type=\"text-editor.default\">\n\t\t\t\t<div class=\"elementor-widget-container\">\n\t\t\t\t\t\t\t\t\t<p>Segue primeira temporada do Wave Cast, com as seguintes convidadas, <a href=\"https:\/\/www.youtube.com\/watch?v=rGsvcPfAzKc\">EP 01 JANIARA VITORINO<\/a>, <a href=\"https:\/\/www.youtube.com\/watch?v=YyNggobZ3Ps\">EP 02 DANI ANDREAZZI<\/a>, <a href=\"https:\/\/www.youtube.com\/watch?v=YTS11bYi6HQ\">EP 03 TRAUDI GUIDA<\/a>, <a href=\"https:\/\/www.youtube.com\/watch?v=XKeZlvEZ_Vk\">EP 04 DRA. JOYCE RODRIGUES<\/a>, <a href=\"https:\/\/www.youtube.com\/watch?v=qRBC5EfUUoI\">EP 05 FERNANDA MOURA<\/a>, <a href=\"https:\/\/www.youtube.com\/watch?v=3AMjztuw2Qk\">EP 06 MAYRA CARBONE<\/a>, <a href=\"https:\/\/www.youtube.com\/watch?v=SAJwsJNU7UI\">EP 07 DELIA ZEFIRO<\/a>, <a href=\"https:\/\/www.youtube.com\/watch?v=2PObkORknQo\">EP 08 NUBIA LENTZ<\/a>, <a href=\"https:\/\/www.youtube.com\/watch?v=ctHaO6xrbxQ\">EP 09 MARTA ROVELLA<\/a>, <a href=\"https:\/\/www.youtube.com\/watch?v=T7xXdugF_zo\">EP 10 DR. MARIANNE PINOTTI<\/a>, <a href=\"https:\/\/www.youtube.com\/watch?v=PamXj0ghSQI\">EP 11 LU \u00c2NGELO<\/a>, <a href=\"https:\/\/www.youtube.com\/watch?v=zK58o6p8idI\">EP 12 PAT AIELLO<\/a>, <a href=\"https:\/\/www.youtube.com\/watch?v=24fWEXcNHWQ\">EP 13 TATHIANA TURBIAN<\/a>, <a href=\"https:\/\/www.youtube.com\/watch?v=hPDNV87rPes\">EP 14 BECOY<\/a><\/p>\t\t\t\t\t\t\t\t<\/div>\n\t\t\t\t<\/div>\n\t\t\t\t\t<\/div>\n\t\t\t\t<\/div>\n\t\t<div class=\"elementor-element elementor-element-9023c04 e-con-full e-flex e-con e-child\" data-id=\"9023c04\" data-element_type=\"container\">\n\t\t\t\t<div class=\"elementor-element elementor-element-cbd0af5 elementor-widget elementor-widget-image\" data-id=\"cbd0af5\" data-element_type=\"widget\" data-widget_type=\"image.default\">\n\t\t\t\t<div class=\"elementor-widget-container\">\n\t\t\t\t\t\t\t\t\t\t\t\t\t\t\t<img fetchpriority=\"high\" decoding=\"async\" width=\"800\" height=\"450\" src=\"https:\/\/wavewoman.world\/site\/wp-content\/uploads\/2025\/07\/wavecast-1024x576.png\" class=\"attachment-large size-large wp-image-2786\" alt=\"\" srcset=\"https:\/\/wavewoman.world\/site\/wp-content\/uploads\/2025\/07\/wavecast-1024x576.png 1024w, https:\/\/wavewoman.world\/site\/wp-content\/uploads\/2025\/07\/wavecast-300x169.png 300w, https:\/\/wavewoman.world\/site\/wp-content\/uploads\/2025\/07\/wavecast-768x432.png 768w, https:\/\/wavewoman.world\/site\/wp-content\/uploads\/2025\/07\/wavecast-1536x864.png 1536w, https:\/\/wavewoman.world\/site\/wp-content\/uploads\/2025\/07\/wavecast-2048x1152.png 2048w, https:\/\/wavewoman.world\/site\/wp-content\/uploads\/2025\/07\/wavecast-600x337.png 600w\" sizes=\"(max-width: 800px) 100vw, 800px\" \/>\t\t\t\t\t\t\t\t\t\t\t\t\t\t\t<\/div>\n\t\t\t\t<\/div>\n\t\t\t\t<\/div>\n\t\t\t\t\t<\/div>\n\t\t\t\t<\/div>\n\t\t\t\t\t<\/div>\n\t\t\t\t<\/div>\n\t\t<div class=\"elementor-element elementor-element-c5e138e e-flex e-con-boxed e-con e-parent\" data-id=\"c5e138e\" data-element_type=\"container\">\n\t\t\t\t\t<div class=\"e-con-inner\">\n\t\t<div class=\"elementor-element elementor-element-bd934d7 e-flex e-con-boxed e-con e-child\" data-id=\"bd934d7\" data-element_type=\"container\">\n\t\t\t\t\t<div class=\"e-con-inner\">\n\t\t<div class=\"elementor-element elementor-element-0a33e6e e-flex e-con-boxed e-con e-child\" data-id=\"0a33e6e\" data-element_type=\"container\">\n\t\t\t\t\t<div class=\"e-con-inner\">\n\t\t\t\t<div class=\"elementor-element elementor-element-82edf86 elementor-widget elementor-widget-heading\" data-id=\"82edf86\" data-element_type=\"widget\" data-widget_type=\"heading.default\">\n\t\t\t\t<div class=\"elementor-widget-container\">\n\t\t\t\t\t<h5 class=\"elementor-heading-title elementor-size-default\">Participa\u00e7\u00e3o no Feninjer<\/h5>\t\t\t\t<\/div>\n\t\t\t\t<\/div>\n\t\t\t\t<div class=\"elementor-element elementor-element-fd16b2e elementor-widget elementor-widget-heading\" data-id=\"fd16b2e\" data-element_type=\"widget\" data-widget_type=\"heading.default\">\n\t\t\t\t<div class=\"elementor-widget-container\">\n\t\t\t\t\t<h2 class=\"elementor-heading-title elementor-size-default\">Da jornada de compra para a jornada de vida do cliente<\/h2>\t\t\t\t<\/div>\n\t\t\t\t<\/div>\n\t\t\t\t<div class=\"elementor-element elementor-element-8b2453e elementor-widget elementor-widget-text-editor\" data-id=\"8b2453e\" data-element_type=\"widget\" data-widget_type=\"text-editor.default\">\n\t\t\t\t<div class=\"elementor-widget-container\">\n\t\t\t\t\t\t\t\t\t<p>O protagonismo da sua marca est\u00e1 focado no relacionamento com os clientes, criando uma comunidade baseada em valores compartilhados e v\u00ednculos emocionais genu\u00ednos. Em vez de se concentrar apenas na convers\u00e3o de vendas, a marca busca se conectar com o cliente em n\u00edveis mais profundos, preenchendo lacunas e espa\u00e7os emocionais mesmo onde o produto n\u00e3o est\u00e1 presente fisicamente. Esse movimento refor\u00e7a a humaniza\u00e7\u00e3o e consolida sua posi\u00e7\u00e3o no nicho de atua\u00e7\u00e3o.<\/p>\t\t\t\t\t\t\t\t<\/div>\n\t\t\t\t<\/div>\n\t\t\t\t\t<\/div>\n\t\t\t\t<\/div>\n\t\t<div class=\"elementor-element elementor-element-253450a e-con-full e-flex e-con e-child\" data-id=\"253450a\" data-element_type=\"container\">\n\t\t\t\t<div class=\"elementor-element elementor-element-4371e1d elementor-widget elementor-widget-video\" data-id=\"4371e1d\" data-element_type=\"widget\" data-settings=\"{&quot;youtube_url&quot;:&quot;https:\\\/\\\/www.youtube.com\\\/watch?v=aCKVX9--hHg&quot;,&quot;video_type&quot;:&quot;youtube&quot;,&quot;controls&quot;:&quot;yes&quot;}\" data-widget_type=\"video.default\">\n\t\t\t\t<div class=\"elementor-widget-container\">\n\t\t\t\t\t\t\t<div class=\"elementor-wrapper elementor-open-inline\">\n\t\t\t<div class=\"elementor-video\"><\/div>\t\t<\/div>\n\t\t\t\t\t\t<\/div>\n\t\t\t\t<\/div>\n\t\t\t\t<\/div>\n\t\t\t\t\t<\/div>\n\t\t\t\t<\/div>\n\t\t\t\t\t<\/div>\n\t\t\t\t<\/div>\n\t\t<div class=\"elementor-element elementor-element-88c0ef4 e-flex e-con-boxed e-con e-parent\" data-id=\"88c0ef4\" data-element_type=\"container\">\n\t\t\t\t\t<div class=\"e-con-inner\">\n\t\t<div class=\"elementor-element elementor-element-357afc7 e-flex e-con-boxed e-con e-child\" data-id=\"357afc7\" data-element_type=\"container\">\n\t\t\t\t\t<div class=\"e-con-inner\">\n\t\t<div class=\"elementor-element elementor-element-18247b4 e-flex e-con-boxed e-con e-child\" data-id=\"18247b4\" data-element_type=\"container\">\n\t\t\t\t\t<div class=\"e-con-inner\">\n\t\t\t\t<div class=\"elementor-element elementor-element-07237e5 elementor-widget elementor-widget-heading\" data-id=\"07237e5\" data-element_type=\"widget\" data-widget_type=\"heading.default\">\n\t\t\t\t<div class=\"elementor-widget-container\">\n\t\t\t\t\t<h5 class=\"elementor-heading-title elementor-size-default\">Participa\u00e7\u00e3o no IBGMCast<\/h5>\t\t\t\t<\/div>\n\t\t\t\t<\/div>\n\t\t\t\t<div class=\"elementor-element elementor-element-b464db5 elementor-widget elementor-widget-heading\" data-id=\"b464db5\" data-element_type=\"widget\" data-widget_type=\"heading.default\">\n\t\t\t\t<div class=\"elementor-widget-container\">\n\t\t\t\t\t<h2 class=\"elementor-heading-title elementor-size-default\">Din\u00e2micas e Cases da Constru\u00e7\u00e3o de uma 'Love Brand', com Tatiana Nigro<\/h2>\t\t\t\t<\/div>\n\t\t\t\t<\/div>\n\t\t\t\t<div class=\"elementor-element elementor-element-da02bad elementor-widget elementor-widget-text-editor\" data-id=\"da02bad\" data-element_type=\"widget\" data-widget_type=\"text-editor.default\">\n\t\t\t\t<div class=\"elementor-widget-container\">\n\t\t\t\t\t\t\t\t\t<p><span class=\"yt-core-attributed-string--link-inherit-color\" dir=\"auto\">Neste epis\u00f3dio do <\/span><span class=\"yt-core-attributed-string--link-inherit-color\" dir=\"auto\"><a class=\"yt-core-attributed-string__link yt-core-attributed-string__link--call-to-action-color\" tabindex=\"0\" href=\"https:\/\/www.youtube.com\/hashtag\/ibgmcast\" target=\"\">#IBGMCast<\/a><\/span><span class=\"yt-core-attributed-string--link-inherit-color\" dir=\"auto\">, Tatiana Nigro, CEO WAV&amp; Woman World, relaciona as din\u00e2micas da constru\u00e7\u00e3o de uma &#8216;Love Brand&#8217; com cases de sucesso que presenciou, exemplificando a opera\u00e7\u00e3o dentro de uma joalheria. Com ampla experi\u00eancia no varejo de moda, a empres\u00e1ria conta como foi a sua trajet\u00f3ria e conex\u00e3o com o universo joalheiro, ressaltando tamb\u00e9m a import\u00e2ncia do marketing de experi\u00eancia para o setor de luxo, gerando v\u00ednculo e identifica\u00e7\u00e3o com as marcas que o aplicam.<\/span><\/p>\t\t\t\t\t\t\t\t<\/div>\n\t\t\t\t<\/div>\n\t\t\t\t\t<\/div>\n\t\t\t\t<\/div>\n\t\t<div class=\"elementor-element elementor-element-75ebb63 e-con-full e-flex e-con e-child\" data-id=\"75ebb63\" data-element_type=\"container\">\n\t\t\t\t<div class=\"elementor-element elementor-element-b629483 elementor-widget elementor-widget-video\" data-id=\"b629483\" data-element_type=\"widget\" data-settings=\"{&quot;youtube_url&quot;:&quot;https:\\\/\\\/www.youtube.com\\\/watch?v=ngAleka_grg&quot;,&quot;video_type&quot;:&quot;youtube&quot;,&quot;controls&quot;:&quot;yes&quot;}\" data-widget_type=\"video.default\">\n\t\t\t\t<div class=\"elementor-widget-container\">\n\t\t\t\t\t\t\t<div class=\"elementor-wrapper elementor-open-inline\">\n\t\t\t<div class=\"elementor-video\"><\/div>\t\t<\/div>\n\t\t\t\t\t\t<\/div>\n\t\t\t\t<\/div>\n\t\t\t\t<\/div>\n\t\t\t\t\t<\/div>\n\t\t\t\t<\/div>\n\t\t\t\t\t<\/div>\n\t\t\t\t<\/div>\n\t\t<div class=\"elementor-element elementor-element-68a9146 e-flex e-con-boxed e-con e-parent\" data-id=\"68a9146\" data-element_type=\"container\">\n\t\t\t\t\t<div class=\"e-con-inner\">\n\t\t<div class=\"elementor-element elementor-element-80cdd75 e-flex e-con-boxed e-con e-child\" data-id=\"80cdd75\" data-element_type=\"container\">\n\t\t\t\t\t<div class=\"e-con-inner\">\n\t\t<div class=\"elementor-element elementor-element-5943976 e-flex e-con-boxed e-con e-child\" data-id=\"5943976\" data-element_type=\"container\">\n\t\t\t\t\t<div class=\"e-con-inner\">\n\t\t\t\t<div class=\"elementor-element elementor-element-37a68dd elementor-widget elementor-widget-heading\" data-id=\"37a68dd\" data-element_type=\"widget\" data-widget_type=\"heading.default\">\n\t\t\t\t<div class=\"elementor-widget-container\">\n\t\t\t\t\t<h5 class=\"elementor-heading-title elementor-size-default\">Participa\u00e7\u00e3o no Ladies Pod<\/h5>\t\t\t\t<\/div>\n\t\t\t\t<\/div>\n\t\t\t\t<div class=\"elementor-element elementor-element-c33c4d5 elementor-widget elementor-widget-heading\" data-id=\"c33c4d5\" data-element_type=\"widget\" data-widget_type=\"heading.default\">\n\t\t\t\t<div class=\"elementor-widget-container\">\n\t\t\t\t\t<h2 class=\"elementor-heading-title elementor-size-default\">Fundadora de femtech refor\u00e7a o poder da colabora\u00e7\u00e3o para as gera\u00e7\u00f5es futuras (Tati Nigro)<\/h2>\t\t\t\t<\/div>\n\t\t\t\t<\/div>\n\t\t\t\t<div class=\"elementor-element elementor-element-c4ae8c6 elementor-widget elementor-widget-text-editor\" data-id=\"c4ae8c6\" data-element_type=\"widget\" data-widget_type=\"text-editor.default\">\n\t\t\t\t<div class=\"elementor-widget-container\">\n\t\t\t\t\t\t\t\t\t<p>Entusiasta e um dos grandes nomes do varejo brasileiro, Tati Nigro viveu de perto o poder da lideran\u00e7a feminina em grandes empresas familiares da moda nacional. Agora, ela usa toda a sua experi\u00eancia e repert\u00f3rio para fazer crescer outras mulheres atrav\u00e9s de estrat\u00e9gias de autoconhecimento na sua Wave Woman.<\/p>\t\t\t\t\t\t\t\t<\/div>\n\t\t\t\t<\/div>\n\t\t\t\t\t<\/div>\n\t\t\t\t<\/div>\n\t\t<div class=\"elementor-element elementor-element-d23435a e-con-full e-flex e-con e-child\" data-id=\"d23435a\" data-element_type=\"container\">\n\t\t\t\t<div class=\"elementor-element elementor-element-b20e594 elementor-widget elementor-widget-video\" data-id=\"b20e594\" data-element_type=\"widget\" data-settings=\"{&quot;youtube_url&quot;:&quot;https:\\\/\\\/youtu.be\\\/K01VT2OyQfk?si=-BiH1PIy4bkjWJEY&quot;,&quot;video_type&quot;:&quot;youtube&quot;,&quot;controls&quot;:&quot;yes&quot;}\" data-widget_type=\"video.default\">\n\t\t\t\t<div class=\"elementor-widget-container\">\n\t\t\t\t\t\t\t<div class=\"elementor-wrapper elementor-open-inline\">\n\t\t\t<div class=\"elementor-video\"><\/div>\t\t<\/div>\n\t\t\t\t\t\t<\/div>\n\t\t\t\t<\/div>\n\t\t\t\t<\/div>\n\t\t\t\t\t<\/div>\n\t\t\t\t<\/div>\n\t\t\t\t\t<\/div>\n\t\t\t\t<\/div>\n\t\t<div class=\"elementor-element elementor-element-3a58b87 e-flex e-con-boxed e-con e-parent\" data-id=\"3a58b87\" data-element_type=\"container\">\n\t\t\t\t\t<div class=\"e-con-inner\">\n\t\t<div class=\"elementor-element elementor-element-57dcd4c e-flex e-con-boxed e-con e-child\" data-id=\"57dcd4c\" data-element_type=\"container\">\n\t\t\t\t\t<div class=\"e-con-inner\">\n\t\t<div class=\"elementor-element elementor-element-101412f e-flex e-con-boxed e-con e-child\" data-id=\"101412f\" data-element_type=\"container\">\n\t\t\t\t\t<div class=\"e-con-inner\">\n\t\t\t\t<div class=\"elementor-element elementor-element-dee1ad3 elementor-widget elementor-widget-heading\" data-id=\"dee1ad3\" data-element_type=\"widget\" data-widget_type=\"heading.default\">\n\t\t\t\t<div class=\"elementor-widget-container\">\n\t\t\t\t\t<h5 class=\"elementor-heading-title elementor-size-default\">Participa\u00e7\u00e3o no Life&amp;Time Cast<\/h5>\t\t\t\t<\/div>\n\t\t\t\t<\/div>\n\t\t\t\t<div class=\"elementor-element elementor-element-e472cc5 elementor-widget elementor-widget-heading\" data-id=\"e472cc5\" data-element_type=\"widget\" data-widget_type=\"heading.default\">\n\t\t\t\t<div class=\"elementor-widget-container\">\n\t\t\t\t\t<h2 class=\"elementor-heading-title elementor-size-default\">Wave Woman World: mulheres empreendedoras e conex\u00f5es femininas<\/h2>\t\t\t\t<\/div>\n\t\t\t\t<\/div>\n\t\t\t\t<div class=\"elementor-element elementor-element-16bbfc5 elementor-widget elementor-widget-text-editor\" data-id=\"16bbfc5\" data-element_type=\"widget\" data-widget_type=\"text-editor.default\">\n\t\t\t\t<div class=\"elementor-widget-container\">\n\t\t\t\t\t\t\t\t\t<p>No novo epis\u00f3dio do Life&amp;Time Cast bt Lifetime W, patrocinado pela Grand Cru Braz Leme, tivemos o prazer de receber a empreendedora Tatiana Nigro, fundadora e CEO da WAV&amp; Women World e do movimento \u201cShare Your Light\u201d. Durante o programa, Tatiana falou sobre sua trajet\u00f3ria, seu envolvimento com o empreendedorismo feminino, moda, tend\u00eancias e sobre o evento The Golden WAV&amp; &#8211; Mulheres Pavimentando o Futuro, que acontece no dia 10 de junho no Rosewood Hotel. Confira o bate-papo!<\/p>\t\t\t\t\t\t\t\t<\/div>\n\t\t\t\t<\/div>\n\t\t\t\t\t<\/div>\n\t\t\t\t<\/div>\n\t\t<div class=\"elementor-element elementor-element-4489796 e-con-full e-flex e-con e-child\" data-id=\"4489796\" data-element_type=\"container\">\n\t\t\t\t<div class=\"elementor-element elementor-element-69b13c7 elementor-widget elementor-widget-video\" data-id=\"69b13c7\" data-element_type=\"widget\" data-settings=\"{&quot;youtube_url&quot;:&quot;https:\\\/\\\/youtu.be\\\/oej9Aa8H5bY?si=gnl872-NTT__DAYu&quot;,&quot;video_type&quot;:&quot;youtube&quot;,&quot;controls&quot;:&quot;yes&quot;}\" data-widget_type=\"video.default\">\n\t\t\t\t<div class=\"elementor-widget-container\">\n\t\t\t\t\t\t\t<div class=\"elementor-wrapper elementor-open-inline\">\n\t\t\t<div class=\"elementor-video\"><\/div>\t\t<\/div>\n\t\t\t\t\t\t<\/div>\n\t\t\t\t<\/div>\n\t\t\t\t<\/div>\n\t\t\t\t\t<\/div>\n\t\t\t\t<\/div>\n\t\t\t\t\t<\/div>\n\t\t\t\t<\/div>\n\t\t\t\t<\/div>\n\t\t","protected":false},"excerpt":{"rendered":"<p>Wav&amp; Cast Lan\u00e7amento Wave Cast a voz delas https:\/\/wavewoman.world\/site\/wp-content\/uploads\/2024\/08\/VIDEO-2024-08-13-12-05-04.mp4 Wave Cast Segue primeira temporada do Wave Cast, com as seguintes convidadas, EP 01 JANIARA VITORINO, EP 02 DANI ANDREAZZI, EP 03 TRAUDI GUIDA, EP 04 DRA. JOYCE RODRIGUES, EP 05 FERNANDA MOURA, EP 06 MAYRA CARBONE, EP 07 DELIA ZEFIRO, EP 08 NUBIA LENTZ, EP [&hellip;]<\/p>\n","protected":false},"author":1,"featured_media":0,"parent":0,"menu_order":0,"comment_status":"closed","ping_status":"closed","template":"","meta":{"pmpro_default_level":"","footnotes":""},"class_list":["post-2768","page","type-page","status-publish","hentry","pmpro-has-access"],"_links":{"self":[{"href":"https:\/\/wavewoman.world\/site\/wp-json\/wp\/v2\/pages\/2768","targetHints":{"allow":["GET"]}}],"collection":[{"href":"https:\/\/wavewoman.world\/site\/wp-json\/wp\/v2\/pages"}],"about":[{"href":"https:\/\/wavewoman.world\/site\/wp-json\/wp\/v2\/types\/page"}],"author":[{"embeddable":true,"href":"https:\/\/wavewoman.world\/site\/wp-json\/wp\/v2\/users\/1"}],"replies":[{"embeddable":true,"href":"https:\/\/wavewoman.world\/site\/wp-json\/wp\/v2\/comments?post=2768"}],"version-history":[{"count":9,"href":"https:\/\/wavewoman.world\/site\/wp-json\/wp\/v2\/pages\/2768\/revisions"}],"predecessor-version":[{"id":2789,"href":"https:\/\/wavewoman.world\/site\/wp-json\/wp\/v2\/pages\/2768\/revisions\/2789"}],"wp:attachment":[{"href":"https:\/\/wavewoman.world\/site\/wp-json\/wp\/v2\/media?parent=2768"}],"curies":[{"name":"wp","href":"https:\/\/api.w.org\/{rel}","templated":true}]}}