{"id":1031,"date":"2023-12-04T14:12:32","date_gmt":"2023-12-04T14:12:32","guid":{"rendered":"https:\/\/wavewoman.world\/site\/?page_id=1031"},"modified":"2023-12-04T14:13:34","modified_gmt":"2023-12-04T14:13:34","slug":"termos-e-condicoes-de-uso","status":"publish","type":"page","link":"https:\/\/wavewoman.world\/site\/termos-e-condicoes-de-uso\/","title":{"rendered":"Termos e condi\u00e7\u00f5es de uso"},"content":{"rendered":"\t\t<div data-elementor-type=\"wp-page\" data-elementor-id=\"1031\" class=\"elementor elementor-1031\" data-elementor-post-type=\"page\">\n\t\t\t\t<div class=\"elementor-element elementor-element-7841dbd e-flex e-con-boxed e-con e-parent\" data-id=\"7841dbd\" data-element_type=\"container\">\n\t\t\t\t\t<div class=\"e-con-inner\">\n\t\t\t\t<div class=\"elementor-element elementor-element-cfd4d57 elementor-widget elementor-widget-heading\" data-id=\"cfd4d57\" data-element_type=\"widget\" data-widget_type=\"heading.default\">\n\t\t\t\t<div class=\"elementor-widget-container\">\n\t\t\t\t\t<h2 class=\"elementor-heading-title elementor-size-default\">Termos de Uso do Site<\/h2>\t\t\t\t<\/div>\n\t\t\t\t<\/div>\n\t\t\t\t<div class=\"elementor-element elementor-element-7a00756 elementor-widget elementor-widget-text-editor\" data-id=\"7a00756\" data-element_type=\"widget\" data-widget_type=\"text-editor.default\">\n\t\t\t\t<div class=\"elementor-widget-container\">\n\t\t\t\t\t\t\t\t\t<ol><li><strong>Defini\u00e7\u00f5es<\/strong><\/li><\/ol><p>&#8220;Site&#8221; significa o website acess\u00edvel pelo endere\u00e7o <a href=\"https:\/\/wavewoman.world\/site\/\">https:\/\/wavewoman.world\/site\/<\/a> .<\/p><p>&#8220;Usu\u00e1rio&#8221; significa qualquer pessoa que acesse ou use o Site.<\/p><p>&#8220;Conte\u00fado&#8221; significa qualquer informa\u00e7\u00e3o, dados, texto, software, m\u00fasica, som, fotografia, v\u00eddeo, mensagem, obra de arte, c\u00f3digo ou outro material publicado ou disponibilizado no Site.<\/p><ol start=\"2\"><li><strong>Aceita\u00e7\u00e3o dos Termos de Uso<\/strong><\/li><\/ol><p>Ao acessar ou usar o Site, o Usu\u00e1rio concorda em cumprir estes Termos de Uso. Se o Usu\u00e1rio n\u00e3o concordar com estes Termos de Uso, ele n\u00e3o deve acessar ou usar o Site.<\/p><ol start=\"3\"><li><strong>Uso do Site<\/strong><\/li><\/ol><p>O Site \u00e9 fornecido pela <strong>WAV&amp; WOMAN<\/strong>. A <strong>WAV&amp; WOMAN <\/strong>reserva-se o direito de modificar ou alterar estes Termos de Uso a qualquer momento. O Usu\u00e1rio \u00e9 respons\u00e1vel por verificar periodicamente estes Termos de Uso para quaisquer altera\u00e7\u00f5es. O uso continuado do Site ap\u00f3s a publica\u00e7\u00e3o de altera\u00e7\u00f5es nestes Termos de Uso constitui aceita\u00e7\u00e3o das altera\u00e7\u00f5es.<\/p><p>O Usu\u00e1rio pode usar o Site apenas para fins legais. O Usu\u00e1rio n\u00e3o pode usar o Site para:<\/p><ul><li>Publicar ou transmitir qualquer conte\u00fado que seja ilegal, prejudicial, amea\u00e7ador, abusivo, difamat\u00f3rio, obsceno, pornogr\u00e1fico ou que viole qualquer direito de propriedade intelectual ou outros direitos de terceiros;<\/li><li>Publicar ou transmitir qualquer conte\u00fado que contenha v\u00edrus ou outros c\u00f3digos maliciosos que possam danificar o Site ou os sistemas de computador do Usu\u00e1rio ou de terceiros;<\/li><li>Coletar ou rastrear informa\u00e7\u00f5es pessoais sobre outros Usu\u00e1rios sem o seu consentimento; ou<\/li><li>Violar qualquer lei ou regulamento aplic\u00e1vel.<\/li><\/ul><p>A <strong>WAV&amp; WOMAN<\/strong> pode, a seu exclusivo crit\u00e9rio, suspender ou encerrar o acesso do Usu\u00e1rio ao Site se o Usu\u00e1rio violar qualquer disposi\u00e7\u00e3o destes Termos de Uso.<\/p><ol start=\"4\"><li><strong>Direitos de Propriedade Intelectual<\/strong><\/li><\/ol><p>Todo o Conte\u00fado do Site \u00e9 de propriedade da WAV&amp; WOMAN ou de seus licenciados. O Usu\u00e1rio n\u00e3o pode copiar, reproduzir, distribuir, publicar, exibir, modificar, criar trabalhos derivados, vender ou transferir qualquer Conte\u00fado do Site sem o consentimento pr\u00e9vio e por escrito da WAV&amp; WOMAN.<\/p><ol start=\"5\"><li><strong>Links para Outros Sites<\/strong><\/li><\/ol><p>O Site pode conter links para outros sites. A WAV&amp; WOMAN n\u00e3o \u00e9 respons\u00e1vel pelo conte\u00fado de quaisquer sites vinculados ao Site.<\/p><ol start=\"6\"><li><strong>Isen\u00e7\u00e3o de Responsabilidade<\/strong><\/li><\/ol><p>A WAV&amp; WOMAN n\u00e3o garante que o Site estar\u00e1 livre de erros ou que o Site ou seus servidores estar\u00e3o livres de v\u00edrus ou outros componentes prejudiciais. A WAV&amp; WOMAN n\u00e3o ser\u00e1 respons\u00e1vel por quaisquer danos diretos, indiretos, especiais, incidentais ou consequenciais, incluindo, sem limita\u00e7\u00e3o, perdas de lucros, perdas de dados ou danos \u00e0 propriedade, resultantes do uso ou da incapacidade de usar o Site.<\/p><ol start=\"7\"><li><strong>Lei Aplic\u00e1vel<\/strong><\/li><\/ol><p>Estes Termos de Uso ser\u00e3o regidos e interpretados de acordo com as leis do Brasil.<\/p><ol start=\"8\"><li><strong>Resolu\u00e7\u00e3o de Controv\u00e9rsias<\/strong><\/li><\/ol><p>Quaisquer controv\u00e9rsias decorrentes ou relacionadas a estes Termos de Uso poder\u00e3o ser resolvidas por arbitragem se assim concordarem as partes, sen\u00e3o pelo judici\u00e1rio, sempre no foro de jurisdi\u00e7\u00e3o da sede da <strong>WAV&amp; WOMAN<\/strong>.<\/p><ol start=\"9\"><li><strong>Altera\u00e7\u00f5es<\/strong><\/li><\/ol><p>A WAV&amp; WOMAN pode alterar estes Termos de Uso a qualquer momento. As altera\u00e7\u00f5es entrar\u00e3o em vigor imediatamente ap\u00f3s serem publicadas no Site.<\/p><ol start=\"10\"><li><strong>Disposi\u00e7\u00f5es Gerais<\/strong><\/li><\/ol><p>Se qualquer disposi\u00e7\u00e3o destes Termos de Uso for considerada inv\u00e1lida ou inexequ\u00edvel, essa disposi\u00e7\u00e3o ser\u00e1 exclu\u00edda e as demais disposi\u00e7\u00f5es permanecer\u00e3o em vigor.<\/p><p>Estes Termos de Uso constituem o acordo integral entre o Usu\u00e1rio e a WAV&amp; WOMAN sobre o assunto aqui tratado e substitui todos os acordos anteriores, representa\u00e7\u00f5es ou entendimentos, seja verbal ou escrito.<\/p>\t\t\t\t\t\t\t\t<\/div>\n\t\t\t\t<\/div>\n\t\t\t\t\t<\/div>\n\t\t\t\t<\/div>\n\t\t\t\t<\/div>\n\t\t","protected":false},"excerpt":{"rendered":"<p>Termos de Uso do Site Defini\u00e7\u00f5es &#8220;Site&#8221; significa o website acess\u00edvel pelo endere\u00e7o https:\/\/wavewoman.world\/site\/ . &#8220;Usu\u00e1rio&#8221; significa qualquer pessoa que acesse ou use o Site. &#8220;Conte\u00fado&#8221; significa qualquer informa\u00e7\u00e3o, dados, texto, software, m\u00fasica, som, fotografia, v\u00eddeo, mensagem, obra de arte, c\u00f3digo ou outro material publicado ou disponibilizado no Site. Aceita\u00e7\u00e3o dos Termos de Uso Ao [&hellip;]<\/p>\n","protected":false},"author":1,"featured_media":0,"parent":0,"menu_order":0,"comment_status":"closed","ping_status":"closed","template":"","meta":{"pmpro_default_level":"","footnotes":""},"class_list":["post-1031","page","type-page","status-publish","hentry","pmpro-has-access"],"_links":{"self":[{"href":"https:\/\/wavewoman.world\/site\/wp-json\/wp\/v2\/pages\/1031","targetHints":{"allow":["GET"]}}],"collection":[{"href":"https:\/\/wavewoman.world\/site\/wp-json\/wp\/v2\/pages"}],"about":[{"href":"https:\/\/wavewoman.world\/site\/wp-json\/wp\/v2\/types\/page"}],"author":[{"embeddable":true,"href":"https:\/\/wavewoman.world\/site\/wp-json\/wp\/v2\/users\/1"}],"replies":[{"embeddable":true,"href":"https:\/\/wavewoman.world\/site\/wp-json\/wp\/v2\/comments?post=1031"}],"version-history":[{"count":4,"href":"https:\/\/wavewoman.world\/site\/wp-json\/wp\/v2\/pages\/1031\/revisions"}],"predecessor-version":[{"id":1035,"href":"https:\/\/wavewoman.world\/site\/wp-json\/wp\/v2\/pages\/1031\/revisions\/1035"}],"wp:attachment":[{"href":"https:\/\/wavewoman.world\/site\/wp-json\/wp\/v2\/media?parent=1031"}],"curies":[{"name":"wp","href":"https:\/\/api.w.org\/{rel}","templated":true}]}}